{"id":13,"date":"2023-07-28T12:44:24","date_gmt":"2023-07-28T10:44:24","guid":{"rendered":"http:\/\/unes-chamonix.com\/?page_id=13"},"modified":"2025-02-18T15:53:00","modified_gmt":"2025-02-18T14:53:00","slug":"we-are-unes","status":"publish","type":"page","link":"https:\/\/unes-chamonix.com\/index.php\/we-are-unes\/","title":{"rendered":"Qui nous sommes?"},"content":{"rendered":"\n<h2 class=\"wp-block-heading has-text-align-left has-nv-dark-bg-color has-text-color\"><strong>PR\u00c9SENTATION DE UNES<\/strong><\/h2>\n\n\n\n<p class=\"has-text-align-left\"><strong>UNES<\/strong> d\u00e9marre d\u2019un groupe de copines \u00e0 Chamonix qui, au fil de leurs r\u00e9flexions, d\u00e9cident de lancer une association en faveur des droits des femmes et de la promotion de l\u2019\u00e9galit\u00e9 des genres. L\u2019id\u00e9e \u00e9tant de proposer des <strong>espaces de discussion et de r\u00e9flexion<\/strong> afin de <strong>remettre en question les syst\u00e8mes de domination et les normes pr\u00e9\u00e9tablies <\/strong>dans un lieu tel que Chamonix. Nous esp\u00e9rons voir na\u00eetre une <strong>communaut\u00e9 locale et solidaire<\/strong> autour de ces enjeux, et promouvoir l\u2019<strong>\u00e9galit\u00e9 et le vivre ensemble<\/strong> dans la vall\u00e9e.&nbsp;<\/p>\n\n\n\n<p>&nbsp;Pour ce faire, nous proposons des \u00e9v\u00e9nements dans le but d\u2019<strong>\u00e9duquer et sensibiliser <\/strong>autour de ces questions. Convaincues que l&#8217;\u00e9ducation est un outil puissant pour provoquer un changement durable, nous organisons des ateliers, des conf\u00e9rences et des discussions autour du <strong>f\u00e9minisme et des discriminations en lien avec le genre<\/strong>, en essayant d\u2019encourager un <strong>dialogue ouvert et inclusif<\/strong>.<\/p>\n\n\n\n<p>Il nous semble que le changement commence \u00e0 un niveau local. C&#8217;est pourquoi nous menons des <strong>actions de proximit\u00e9<\/strong> au c\u0153ur de notre communaut\u00e9. En collaborant avec d&#8217;<strong>autres associations et groupes locaux<\/strong>, nous cherchons \u00e0 int\u00e9grer nos initiatives dans <strong>notre territoire<\/strong>.<\/p>\n\n\n\n<p>Nous <strong>sommes f\u00e9ministes<\/strong> et pour diff\u00e9rentes formes de f\u00e9minisme. Nous d\u00e9sirons lutter contre les toutes les formes de discrimination et d\u2019exclusion bas\u00e9es sur le genre, ainsi que les in\u00e9galit\u00e9s structurelles qui en d\u00e9coulent. Nous sommes unies\u2026<strong>nous sommes UNES<\/strong>. <\/p>\n\n\n\n<p>Pour celles et ceux qui souhaitent r\u00e9fl\u00e9chir, \u00e9couter, apprendre, d\u00e9construire, reconstruire, s\u2019aider et lutter, \u00e0 leur \u00e9chelle, nous vous invitons \u00e0 rejoindre notre mouvement.<\/p>\n\n\n\n<h2 class=\"wp-block-heading\"><strong>NOS ACTIONS<\/strong><\/h2>\n\n\n\n<p>Nos actions, c\u2019est d\u2019abord un festival annuel \u00e0 Chamonix: <strong><em>Unes<\/em><\/strong>. Ce sont cinq <strong>jours d\u00e9di\u00e9s au f\u00e9minisme, aux droits des femmes et \u00e0 la remise en question des in\u00e9galit\u00e9s entre les genres<\/strong>. Cinq jours de <strong>rencontres, de discussions et de partages<\/strong>. La premi\u00e8re \u00e9dition s\u2019est tenue du 8 au 12 Mars 2022 et la deuxi\u00e8me \u00e9dition du 7 au 12 mars 2023. Nous travaillons actuellement \u00e0 la programmation d\u2019une troisi\u00e8me \u00e9dition en avril 2024.<\/p>\n\n\n\n<p class=\"has-text-align-left\">Nous travaillons aussi sur des actions ponctuelles, comme la <strong>c\u00e9l\u00e9bration de la Journ\u00e9e Internationale contre les violences faites aux femmes le 25 novembre<\/strong>, des ap\u00e9ros malins, des r\u00e9ponses \u00e0 des <strong>appels \u00e0 projets<\/strong> et des <strong>partenariats avec des associations<\/strong> de la Vall\u00e9e de Chamonix et plus loin, ainsi qu\u2019avec des <strong>acteurs publics et priv\u00e9s<\/strong> engag\u00e9s aupr\u00e8s de nous.<\/p>\n\n\n\n<p class=\"has-nv-dark-bg-color has-text-color has-link-color has-nv-dark-bg-color has-text-color\"><em>Patriarcat partout, justice nulle part. Nous souhaitons agir aux racines de notre soci\u00e9t\u00e9, en nous engageant particuli\u00e8rement sur ces axes.<\/em><\/p>\n\n\n\n<figure class=\"wp-block-pullquote has-text-align-left\"><blockquote><p><strong>Notre mission ? Promouvoir l&#8217;\u00e9galit\u00e9, la diversit\u00e9 et le bien-\u00eatre dans notre communaut\u00e9.<\/strong><\/p><\/blockquote><\/figure>\n\n\n\n<h5 class=\"wp-block-heading\">1. <strong>Pr\u00e9venir et sensibiliser&nbsp;<\/strong><\/h5>\n\n\n\n<p>Comprendre les risques permet de mieux les anticiper. Nous sommes pr\u00e9sentes lors des festivals et \u00e9v\u00e9nements dans la vall\u00e9e de Chamonix avec nos stands d\u00e9di\u00e9s \u00e0 la r\u00e9duction des risques en milieu festif, notamment les violences sexistes, nous sensibilisons \u00e9galement \u00e0 la pr\u00e9vention li\u00e9e \u00e0 la consommation d&#8217;alcool et de substances. Ensemble, construisons des espaces plus s\u00fbrs et respectueux. Parce que la s\u00e9curit\u00e9 est l&#8217;affaire de tous.tes.<\/p>\n\n\n\n<h5 class=\"wp-block-heading\">2. <strong>Actions cibl\u00e9es aupr\u00e8s des futures g\u00e9n\u00e9rations<\/strong><\/h5>\n\n\n\n<p>Avec le UNES, nous investissons dans l&#8217;\u00e9ducation et l&#8217;accompagnement des jeunes. Par des interventions au Coll\u00e8ge et Lyc\u00e9e polyvalent Roger Frison Roche, des \u00e9v\u00e9nements en partenariat avec la MJC de Chamonix-Mont-Blanc et des offres culturelles d\u00e9di\u00e9es avec d\u2019autres partenaires (s\u00e9ances de cin\u00e9ma, cr\u00e9ation de podcasts, ateliers artistiques&#8230;), nous souhaitons inspirer les futures g\u00e9n\u00e9rations \u00e0 r\u00eaver et \u00e0 b\u00e2tir un autre monde&nbsp;<\/p>\n\n\n\n<h5 class=\"wp-block-heading\"><strong>3. Soir\u00e9es d\u00e9bats<\/strong><\/h5>\n\n\n\n<p>On se pose tous.tes des questions, alors venez en parler avec nous. Plongez au c\u0153ur de discussions, et explorez les questions en lien avec le f\u00e9minisme, et les luttes connexes, politiques, sociales ou \u00e9conomiques. Venez d\u00e9couvrir les th\u00e9ories sur le genre, sur nos relations amoureuses, sur la famille, le travail ou encore notre rapport&nbsp; au vivant. UNES offre un espace d\u2019\u00e9change et de dialogue ouvert \u00e0 la r\u00e9flexion collective, o\u00f9 chacun.e peut s&#8217;exprimer et contribuer \u00e0 la construction d&#8217;une autre soci\u00e9t\u00e9.<\/p>\n\n\n\n<h5 class=\"wp-block-heading\">4. <strong>Formations et stages&nbsp;<\/strong><\/h5>\n\n\n\n<p>Comment mettre la th\u00e9orie en pratique dans notre quotidien? Venez explorer la remise en question des outils conventionnels et trouver force et inspiration pour mettre en \u0153uvre de nouvelles m\u00e9thodes d&#8217;action. Avec nos stages et formations vari\u00e9.es nous offrons des opportunit\u00e9s \u201cd&#8217;empowerment\u201d pour renforcer vos comp\u00e9tences individuelles et collectives.&nbsp;<\/p>\n\n\n\n<h5 class=\"wp-block-heading\">5. <strong>Rencontres culturelles<\/strong><\/h5>\n\n\n\n<p>L\u2019\u00e9motion aussi peut susciter l\u2019action. UNES s&#8217;engage dans la diffusion de connaissances \u00e0 travers la culture et les arts, tout en encourageant une cr\u00e9ativit\u00e9 locale. En partenariat avec des acteurs locaux, nous organisons des rencontres litt\u00e9raires, des expositions artistiques, des s\u00e9ances de cin\u00e9ma ou encore des lectures de po\u00e9sie. Ces moments d&#8217;\u00e9change et de partage mettent en avant de nouvelles formes de richesses culturelles de notre vall\u00e9e.&nbsp;<\/p>\n\n\n\n<h5 class=\"wp-block-heading\">6. <strong>C\u00e9l\u00e9bration de la Journ\u00e9e Internationale de Lutte contre les Violences Faites aux Femmes&nbsp;<\/strong><\/h5>\n\n\n\n<p>Nous c\u00e9l\u00e9brons activement la Journ\u00e9e Internationale de Lutte contre les Violences Faites aux Femmes avec des manifestations et des animations dans les lieux publics. Cette mobilisation vise \u00e0 sensibiliser le public, \u00e0 cr\u00e9er une solidarit\u00e9 communautaire, \u00e0 promouvoir le changement social et \u00e0 renforcer la lutte collective contre les violences bas\u00e9es sur le genre<\/p>\n\n\n\n<h5 class=\"wp-block-heading\">Et bien \u00e9videmment, le <strong>Festival UNES<\/strong>, pour hisser le f\u00e9minisme aux sommets!<\/h5>\n\n\n\n<p><\/p>\n\n\n\n<p><\/p>\n\n\n\n<h2 class=\"wp-block-heading\">ABOUT UNES<\/h2>\n\n\n\n<p><strong>UNES<\/strong> all started with a group of friends in Chamonix who, after some consideration, decided to launch an association in favor of women&#8217;s rights and the promotion of gender equality. Our aim is to create space for discussion and reflection, to challenge systems of domination and pre-established norms in a place such as Chamonix. We hope to encourage a local sense of community around these issues, and to promote a culture of equality and coexistence in the valley.&nbsp;<\/p>\n\n\n\n<p>To do this, we propose events to educate and raise awareness around these issues. Convinced that education is a powerful tool for driving lasting change, we organize workshops, conferences and discussions around feminism and gender discrimination, seeking to encourage open and inclusive dialogue.<\/p>\n\n\n\n<p>We believe that change starts at a local level. That&#8217;s why we carry out grassroots actions in the heart of our community. By collaborating with other associations and local groups, we seek to integrate our initiatives into our environment.<\/p>\n\n\n\n<p>We are feminists and support different forms of feminism. We want to combat all forms of gender-based discrimination and exclusion, as well as the structural inequalities that stem from them. We are united&#8230;we are UNES. <\/p>\n\n\n\n<h2 class=\"wp-block-heading\">OUR ACTIONS<\/h2>\n\n\n\n<p>Our actions primarily revolve around our annual festival in Chamonix: Unes. A five-day event dedicated to feminism, women&#8217;s rights and challenging gender inequalities. Five days of meetings, discussions and sharing. The first edition took place from March 8 to 12, 2022, and the second from March 7 to 12, 2023. We are currently working on a program for a third edition in April 2024.<\/p>\n\n\n\n<p>Other initiatives include observing the International Day for the Elimination of Violence Against Women on November 25, ap\u00e9ros malins (evening talks), working on new proposals and partnerships with associations in the Chamonix Valley and beyond, as well as with public and private actors committed to our cause.<\/p>\n\n\n\n<p><\/p>\n\n\n\n<p><\/p>\n\n\n\n<p><\/p>\n","protected":false},"excerpt":{"rendered":"<p>PR\u00c9SENTATION DE UNES UNES d\u00e9marre d\u2019un groupe de copines \u00e0 Chamonix qui, au fil de leurs r\u00e9flexions, d\u00e9cident de lancer une association en faveur des droits des femmes et de la promotion de l\u2019\u00e9galit\u00e9 des genres. L\u2019id\u00e9e \u00e9tant de proposer des espaces de discussion et de r\u00e9flexion afin de remettre en question les syst\u00e8mes de&hellip;&nbsp;<a href=\"https:\/\/unes-chamonix.com\/index.php\/we-are-unes\/\" class=\"\" rel=\"bookmark\">Read More &raquo;<span class=\"screen-reader-text\">Qui nous sommes?<\/span><\/a><\/p>\n","protected":false},"author":1,"featured_media":22,"parent":0,"menu_order":0,"comment_status":"closed","ping_status":"closed","template":"","meta":{"_acf_changed":false,"neve_meta_sidebar":"","neve_meta_container":"","neve_meta_enable_content_width":"","neve_meta_content_width":0,"neve_meta_title_alignment":"","neve_meta_author_avatar":"","neve_post_elements_order":"","neve_meta_disable_header":"","neve_meta_disable_footer":"","neve_meta_disable_title":"","footnotes":""},"class_list":["post-13","page","type-page","status-publish","has-post-thumbnail","hentry"],"acf":[],"yoast_head":"<!-- This site is optimized with the Yoast SEO plugin v22.0 - https:\/\/yoast.com\/wordpress\/plugins\/seo\/ -->\n<title>Qui nous sommes? - Unes Festival<\/title>\n<meta name=\"description\" content=\"f\u00e9minisme association femmes Chamonix lutte f\u00e9ministe sorrorit\u00e9 festival\" \/>\n<meta name=\"robots\" content=\"index, follow, max-snippet:-1, max-image-preview:large, max-video-preview:-1\" \/>\n<link rel=\"canonical\" href=\"http:\/\/unes-chamonix.com\/index.php\/we-are-unes\/\" \/>\n<meta property=\"og:locale\" content=\"en_US\" \/>\n<meta property=\"og:type\" content=\"article\" \/>\n<meta property=\"og:title\" content=\"Qui nous sommes? - Unes Festival\" \/>\n<meta property=\"og:description\" content=\"f\u00e9minisme association femmes Chamonix lutte f\u00e9ministe sorrorit\u00e9 festival\" \/>\n<meta property=\"og:url\" content=\"http:\/\/unes-chamonix.com\/index.php\/we-are-unes\/\" \/>\n<meta property=\"og:site_name\" content=\"Unes Festival\" \/>\n<meta property=\"article:publisher\" content=\"https:\/\/www.facebook.com\/Unesfestival\" \/>\n<meta property=\"article:modified_time\" content=\"2025-02-18T14:53:00+00:00\" \/>\n<meta property=\"og:image\" content=\"http:\/\/unes-chamonix.com\/wp-content\/uploads\/2023\/07\/Unes_hearts_bg-1024x707.png\" \/>\n\t<meta property=\"og:image:width\" content=\"1024\" \/>\n\t<meta property=\"og:image:height\" content=\"707\" \/>\n\t<meta property=\"og:image:type\" content=\"image\/png\" \/>\n<meta name=\"twitter:card\" content=\"summary_large_image\" \/>\n<meta name=\"twitter:label1\" content=\"Est. reading time\" \/>\n\t<meta name=\"twitter:data1\" content=\"6 minutes\" \/>\n<script type=\"application\/ld+json\" class=\"yoast-schema-graph\">{\"@context\":\"https:\/\/schema.org\",\"@graph\":[{\"@type\":\"WebPage\",\"@id\":\"http:\/\/unes-chamonix.com\/index.php\/we-are-unes\/\",\"url\":\"http:\/\/unes-chamonix.com\/index.php\/we-are-unes\/\",\"name\":\"Qui nous sommes? - Unes Festival\",\"isPartOf\":{\"@id\":\"https:\/\/unes-chamonix.com\/#website\"},\"datePublished\":\"2023-07-28T10:44:24+00:00\",\"dateModified\":\"2025-02-18T14:53:00+00:00\",\"description\":\"f\u00e9minisme association femmes Chamonix lutte f\u00e9ministe sorrorit\u00e9 festival\",\"breadcrumb\":{\"@id\":\"http:\/\/unes-chamonix.com\/index.php\/we-are-unes\/#breadcrumb\"},\"inLanguage\":\"en-US\",\"potentialAction\":[{\"@type\":\"ReadAction\",\"target\":[\"http:\/\/unes-chamonix.com\/index.php\/we-are-unes\/\"]}]},{\"@type\":\"BreadcrumbList\",\"@id\":\"http:\/\/unes-chamonix.com\/index.php\/we-are-unes\/#breadcrumb\",\"itemListElement\":[{\"@type\":\"ListItem\",\"position\":1,\"name\":\"Home\",\"item\":\"https:\/\/unes-chamonix.com\/\"},{\"@type\":\"ListItem\",\"position\":2,\"name\":\"Qui nous sommes?\"}]},{\"@type\":\"WebSite\",\"@id\":\"https:\/\/unes-chamonix.com\/#website\",\"url\":\"https:\/\/unes-chamonix.com\/\",\"name\":\"unes-chamonix.com\",\"description\":\"Iniatives feministes du zouz collective\",\"publisher\":{\"@id\":\"https:\/\/unes-chamonix.com\/#organization\"},\"potentialAction\":[{\"@type\":\"SearchAction\",\"target\":{\"@type\":\"EntryPoint\",\"urlTemplate\":\"https:\/\/unes-chamonix.com\/?s={search_term_string}\"},\"query-input\":\"required name=search_term_string\"}],\"inLanguage\":\"en-US\"},{\"@type\":\"Organization\",\"@id\":\"https:\/\/unes-chamonix.com\/#organization\",\"name\":\"zouz-collective\",\"url\":\"https:\/\/unes-chamonix.com\/\",\"logo\":{\"@type\":\"ImageObject\",\"inLanguage\":\"en-US\",\"@id\":\"https:\/\/unes-chamonix.com\/#\/schema\/logo\/image\/\",\"url\":\"https:\/\/unes-chamonix.com\/wp-content\/uploads\/2023\/08\/UNES_LOGO1-pdf.jpg\",\"contentUrl\":\"https:\/\/unes-chamonix.com\/wp-content\/uploads\/2023\/08\/UNES_LOGO1-pdf.jpg\",\"width\":889,\"height\":889,\"caption\":\"zouz-collective\"},\"image\":{\"@id\":\"https:\/\/unes-chamonix.com\/#\/schema\/logo\/image\/\"},\"sameAs\":[\"https:\/\/www.facebook.com\/Unesfestival\",\"https:\/\/www.instagram.com\/unes_zouzcollective\/\"]}]}<\/script>\n<!-- \/ Yoast SEO plugin. -->","yoast_head_json":{"title":"Qui nous sommes? - Unes Festival","description":"f\u00e9minisme association femmes Chamonix lutte f\u00e9ministe sorrorit\u00e9 festival","robots":{"index":"index","follow":"follow","max-snippet":"max-snippet:-1","max-image-preview":"max-image-preview:large","max-video-preview":"max-video-preview:-1"},"canonical":"http:\/\/unes-chamonix.com\/index.php\/we-are-unes\/","og_locale":"en_US","og_type":"article","og_title":"Qui nous sommes? - Unes Festival","og_description":"f\u00e9minisme association femmes Chamonix lutte f\u00e9ministe sorrorit\u00e9 festival","og_url":"http:\/\/unes-chamonix.com\/index.php\/we-are-unes\/","og_site_name":"Unes Festival","article_publisher":"https:\/\/www.facebook.com\/Unesfestival","article_modified_time":"2025-02-18T14:53:00+00:00","og_image":[{"width":1024,"height":707,"url":"http:\/\/unes-chamonix.com\/wp-content\/uploads\/2023\/07\/Unes_hearts_bg-1024x707.png","type":"image\/png"}],"twitter_card":"summary_large_image","twitter_misc":{"Est. reading time":"6 minutes"},"schema":{"@context":"https:\/\/schema.org","@graph":[{"@type":"WebPage","@id":"http:\/\/unes-chamonix.com\/index.php\/we-are-unes\/","url":"http:\/\/unes-chamonix.com\/index.php\/we-are-unes\/","name":"Qui nous sommes? - Unes Festival","isPartOf":{"@id":"https:\/\/unes-chamonix.com\/#website"},"datePublished":"2023-07-28T10:44:24+00:00","dateModified":"2025-02-18T14:53:00+00:00","description":"f\u00e9minisme association femmes Chamonix lutte f\u00e9ministe sorrorit\u00e9 festival","breadcrumb":{"@id":"http:\/\/unes-chamonix.com\/index.php\/we-are-unes\/#breadcrumb"},"inLanguage":"en-US","potentialAction":[{"@type":"ReadAction","target":["http:\/\/unes-chamonix.com\/index.php\/we-are-unes\/"]}]},{"@type":"BreadcrumbList","@id":"http:\/\/unes-chamonix.com\/index.php\/we-are-unes\/#breadcrumb","itemListElement":[{"@type":"ListItem","position":1,"name":"Home","item":"https:\/\/unes-chamonix.com\/"},{"@type":"ListItem","position":2,"name":"Qui nous sommes?"}]},{"@type":"WebSite","@id":"https:\/\/unes-chamonix.com\/#website","url":"https:\/\/unes-chamonix.com\/","name":"unes-chamonix.com","description":"Iniatives feministes du zouz collective","publisher":{"@id":"https:\/\/unes-chamonix.com\/#organization"},"potentialAction":[{"@type":"SearchAction","target":{"@type":"EntryPoint","urlTemplate":"https:\/\/unes-chamonix.com\/?s={search_term_string}"},"query-input":"required name=search_term_string"}],"inLanguage":"en-US"},{"@type":"Organization","@id":"https:\/\/unes-chamonix.com\/#organization","name":"zouz-collective","url":"https:\/\/unes-chamonix.com\/","logo":{"@type":"ImageObject","inLanguage":"en-US","@id":"https:\/\/unes-chamonix.com\/#\/schema\/logo\/image\/","url":"https:\/\/unes-chamonix.com\/wp-content\/uploads\/2023\/08\/UNES_LOGO1-pdf.jpg","contentUrl":"https:\/\/unes-chamonix.com\/wp-content\/uploads\/2023\/08\/UNES_LOGO1-pdf.jpg","width":889,"height":889,"caption":"zouz-collective"},"image":{"@id":"https:\/\/unes-chamonix.com\/#\/schema\/logo\/image\/"},"sameAs":["https:\/\/www.facebook.com\/Unesfestival","https:\/\/www.instagram.com\/unes_zouzcollective\/"]}]}},"_links":{"self":[{"href":"https:\/\/unes-chamonix.com\/index.php\/wp-json\/wp\/v2\/pages\/13","targetHints":{"allow":["GET"]}}],"collection":[{"href":"https:\/\/unes-chamonix.com\/index.php\/wp-json\/wp\/v2\/pages"}],"about":[{"href":"https:\/\/unes-chamonix.com\/index.php\/wp-json\/wp\/v2\/types\/page"}],"author":[{"embeddable":true,"href":"https:\/\/unes-chamonix.com\/index.php\/wp-json\/wp\/v2\/users\/1"}],"replies":[{"embeddable":true,"href":"https:\/\/unes-chamonix.com\/index.php\/wp-json\/wp\/v2\/comments?post=13"}],"version-history":[{"count":12,"href":"https:\/\/unes-chamonix.com\/index.php\/wp-json\/wp\/v2\/pages\/13\/revisions"}],"predecessor-version":[{"id":1633,"href":"https:\/\/unes-chamonix.com\/index.php\/wp-json\/wp\/v2\/pages\/13\/revisions\/1633"}],"wp:featuredmedia":[{"embeddable":true,"href":"https:\/\/unes-chamonix.com\/index.php\/wp-json\/wp\/v2\/media\/22"}],"wp:attachment":[{"href":"https:\/\/unes-chamonix.com\/index.php\/wp-json\/wp\/v2\/media?parent=13"}],"curies":[{"name":"wp","href":"https:\/\/api.w.org\/{rel}","templated":true}]}}