{"id":1596,"date":"2025-01-09T10:54:42","date_gmt":"2025-01-09T09:54:42","guid":{"rendered":"https:\/\/unes-chamonix.com\/?page_id=1596"},"modified":"2025-01-09T18:22:08","modified_gmt":"2025-01-09T17:22:08","slug":"publications","status":"publish","type":"page","link":"https:\/\/unes-chamonix.com\/index.php\/publications\/","title":{"rendered":"Publications"},"content":{"rendered":"<div class='pt-cv-wrapper'> <div class=\"pt-cv-view pt-cv-blockgrid iscvblock iscvreal grid1 layout1\" id=\"pt-cv-view-7dr8k85x\"><div data-id=\"pt-cv-page-1\" class=\"pt-cv-page\" data-cvc=\"3\"><div class=\" pt-cv-content-item pt-cv-1-col\" ><div class=\"pt-cv-thumb-wrapper  \"><a href=\"https:\/\/unes-chamonix.com\/index.php\/2025\/01\/09\/vertige-media\/\" class=\"_self pt-cv-href-thumbnail pt-cv-thumb-default\" target=\"_self\" ><img fetchpriority=\"high\" decoding=\"async\" width=\"688\" height=\"844\" src=\"https:\/\/unes-chamonix.com\/wp-content\/uploads\/2025\/01\/Screenshot-2025-01-08-at-11.05.45.png\" class=\"pt-cv-thumbnail\" alt=\"\" \/><\/a><div class=\"pt-cv-taxoterm over_bottom_right\"><a href='https:\/\/unes-chamonix.com\/index.php\/category\/non-classe\/' title='Non class\u00e9' class='pt-cv-tax-non-classe'>Non class\u00e9<\/a><\/div><\/div>\n<h4 class=\"pt-cv-title\"><a href=\"https:\/\/unes-chamonix.com\/index.php\/2025\/01\/09\/vertige-media\/\" class=\"_self\" target=\"_self\" >Vertige Media<\/a><\/h4>\n<div class=\"pt-cv-content\">Pour le festival &#8220;Femmes en Montagne&#8221; a Annecy, nous nous sommes rendues au Forum des Associations pour pr\u00e9senter UNES et &#8230;<\/div>\n<div class=\"pt-cv-rmwrap\"><a href=\"https:\/\/unes-chamonix.com\/index.php\/2025\/01\/09\/vertige-media\/\" class=\"_self pt-cv-readmore btn btn-success\" target=\"_self\" >Read More<\/a><\/div><\/div>\n<div class=\" pt-cv-content-item pt-cv-1-col\" ><div class=\"pt-cv-thumb-wrapper  \"><a href=\"https:\/\/unes-chamonix.com\/index.php\/2025\/01\/09\/la-vallee\/\" class=\"_self pt-cv-href-thumbnail pt-cv-thumb-default\" target=\"_self\" ><img decoding=\"async\" width=\"1024\" height=\"725\" src=\"https:\/\/unes-chamonix.com\/wp-content\/uploads\/2025\/01\/Screenshot-2025-01-09-at-11.52.22-1024x725.png\" class=\"pt-cv-thumbnail\" alt=\"\" \/><\/a><div class=\"pt-cv-taxoterm over_bottom_right\"><a href='https:\/\/unes-chamonix.com\/index.php\/category\/non-classe\/' title='Non class\u00e9' class='pt-cv-tax-non-classe'>Non class\u00e9<\/a><\/div><\/div>\n<h4 class=\"pt-cv-title\"><a href=\"https:\/\/unes-chamonix.com\/index.php\/2025\/01\/09\/la-vallee\/\" class=\"_self\" target=\"_self\" >La Vall\u00e9e<\/a><\/h4>\n<div class=\"pt-cv-content\">Une belle double page dans le magazine local &#8220;La Vall\u00e9e&#8221;, revue papier locale de la vall\u00e9e de Chamonix-Mont-Blanc &#8230;<\/div>\n<div class=\"pt-cv-rmwrap\"><a href=\"https:\/\/unes-chamonix.com\/index.php\/2025\/01\/09\/la-vallee\/\" class=\"_self pt-cv-readmore btn btn-success\" target=\"_self\" >Read More<\/a><\/div><\/div>\n<div class=\" pt-cv-content-item pt-cv-1-col\" ><div class=\"pt-cv-thumb-wrapper  \"><a href=\"https:\/\/unes-chamonix.com\/index.php\/2025\/01\/09\/la-vallee-2\/\" class=\"_self pt-cv-href-thumbnail pt-cv-thumb-default\" target=\"_self\" ><img decoding=\"async\" width=\"1024\" height=\"725\" src=\"https:\/\/unes-chamonix.com\/wp-content\/uploads\/2025\/01\/Capture-decran-2025-01-08-103006-1024x725.png\" class=\"pt-cv-thumbnail\" alt=\"\" \/><\/a><div class=\"pt-cv-taxoterm over_bottom_right\"><a href='https:\/\/unes-chamonix.com\/index.php\/category\/non-classe\/' title='Non class\u00e9' class='pt-cv-tax-non-classe'>Non class\u00e9<\/a><\/div><\/div>\n<h4 class=\"pt-cv-title\"><a href=\"https:\/\/unes-chamonix.com\/index.php\/2025\/01\/09\/la-vallee-2\/\" class=\"_self\" target=\"_self\" >La Vall\u00e9e<\/a><\/h4>\n<div class=\"pt-cv-content\">R\u00e9flexion sur l&#8217;impact environnemental des \u00e9v\u00e9nements associatifs de type festival &#8230;<\/div>\n<div class=\"pt-cv-rmwrap\"><a href=\"https:\/\/unes-chamonix.com\/index.php\/2025\/01\/09\/la-vallee-2\/\" class=\"_self pt-cv-readmore btn btn-success\" target=\"_self\" >Read More<\/a><\/div><\/div><\/div><\/div> <\/div> <style>\n\n#pt-cv-view-7dr8k85x .pt-cv-meta-fields {  }#pt-cv-view-7dr8k85x .pt-cv-meta-fields * { color: var(--nv-c-1);font-size: 13px; }#pt-cv-view-7dr8k85x .pt-cv-thumb-wrapper:not(.miniwrap) {  }#pt-cv-view-7dr8k85x .pt-cv-thumbnail:not(.pt-cv-thumbnailsm) { height: 300px; }#pt-cv-view-7dr8k85x .pt-cv-title a { display: block;color: var(--nv-c-1); }#pt-cv-view-7dr8k85x .pt-cv-title:not(.pt-cv-titlesm) a { font-weight: 600;text-decoration: none;font-size: 20px; }#pt-cv-view-7dr8k85x .pt-cv-titlesm a { font-weight: 600;font-size: 18px; }#pt-cv-view-7dr8k85x .pt-cv-content { font-size: 15px; }#pt-cv-view-7dr8k85x .pt-cv-rmwrap {  }#pt-cv-view-7dr8k85x .pt-cv-readmore { color: #fff;background-color: #00d084;font-size: 14px; }#pt-cv-view-7dr8k85x .pt-cv-taxoterm {  }#pt-cv-view-7dr8k85x .pt-cv-taxoterm * { color: #222;background-color: #fff6f6;font-size: 14px; }#pt-cv-view-7dr8k85x + .pt-cv-pagination-wrapper {  }#pt-cv-view-7dr8k85x + .pt-cv-pagination-wrapper a { font-size: 14px; }#pt-cv-view-7dr8k85x > .pt-cv-page {grid-template-columns: repeat(3, 1fr);grid-gap: 20px;}\n@media all and (max-width: 1024px) { \n#pt-cv-view-7dr8k85x > .pt-cv-page {grid-template-columns: repeat(2, 1fr);}\n} \n@media all and (max-width: 767px) { \n#pt-cv-view-7dr8k85x > .pt-cv-page {grid-template-columns: repeat(1, 1fr);}\n} <\/style>\n\n\n<p><\/p>\n","protected":false},"excerpt":{"rendered":"","protected":false},"author":1,"featured_media":0,"parent":0,"menu_order":0,"comment_status":"closed","ping_status":"closed","template":"","meta":{"_acf_changed":false,"neve_meta_sidebar":"","neve_meta_container":"","neve_meta_enable_content_width":"","neve_meta_content_width":0,"neve_meta_title_alignment":"","neve_meta_author_avatar":"","neve_post_elements_order":"","neve_meta_disable_header":"","neve_meta_disable_footer":"","neve_meta_disable_title":"","footnotes":""},"class_list":["post-1596","page","type-page","status-publish","hentry"],"acf":[],"yoast_head":"<!-- This site is optimized with the Yoast SEO plugin v22.0 - https:\/\/yoast.com\/wordpress\/plugins\/seo\/ -->\n<title>Publications - Unes Festival<\/title>\n<meta name=\"robots\" content=\"index, follow, max-snippet:-1, max-image-preview:large, max-video-preview:-1\" \/>\n<link rel=\"canonical\" href=\"https:\/\/unes-chamonix.com\/index.php\/publications\/\" \/>\n<meta property=\"og:locale\" content=\"en_US\" \/>\n<meta property=\"og:type\" content=\"article\" \/>\n<meta property=\"og:title\" content=\"Publications - Unes Festival\" \/>\n<meta property=\"og:url\" content=\"https:\/\/unes-chamonix.com\/index.php\/publications\/\" \/>\n<meta property=\"og:site_name\" content=\"Unes Festival\" \/>\n<meta property=\"article:publisher\" content=\"https:\/\/www.facebook.com\/Unesfestival\" \/>\n<meta property=\"article:modified_time\" content=\"2025-01-09T17:22:08+00:00\" \/>\n<meta name=\"twitter:card\" content=\"summary_large_image\" \/>\n<script type=\"application\/ld+json\" class=\"yoast-schema-graph\">{\"@context\":\"https:\/\/schema.org\",\"@graph\":[{\"@type\":\"WebPage\",\"@id\":\"https:\/\/unes-chamonix.com\/index.php\/publications\/\",\"url\":\"https:\/\/unes-chamonix.com\/index.php\/publications\/\",\"name\":\"Publications - Unes Festival\",\"isPartOf\":{\"@id\":\"https:\/\/unes-chamonix.com\/#website\"},\"datePublished\":\"2025-01-09T09:54:42+00:00\",\"dateModified\":\"2025-01-09T17:22:08+00:00\",\"breadcrumb\":{\"@id\":\"https:\/\/unes-chamonix.com\/index.php\/publications\/#breadcrumb\"},\"inLanguage\":\"en-US\",\"potentialAction\":[{\"@type\":\"ReadAction\",\"target\":[\"https:\/\/unes-chamonix.com\/index.php\/publications\/\"]}]},{\"@type\":\"BreadcrumbList\",\"@id\":\"https:\/\/unes-chamonix.com\/index.php\/publications\/#breadcrumb\",\"itemListElement\":[{\"@type\":\"ListItem\",\"position\":1,\"name\":\"Home\",\"item\":\"https:\/\/unes-chamonix.com\/\"},{\"@type\":\"ListItem\",\"position\":2,\"name\":\"Publications\"}]},{\"@type\":\"WebSite\",\"@id\":\"https:\/\/unes-chamonix.com\/#website\",\"url\":\"https:\/\/unes-chamonix.com\/\",\"name\":\"unes-chamonix.com\",\"description\":\"Iniatives feministes du zouz collective\",\"publisher\":{\"@id\":\"https:\/\/unes-chamonix.com\/#organization\"},\"potentialAction\":[{\"@type\":\"SearchAction\",\"target\":{\"@type\":\"EntryPoint\",\"urlTemplate\":\"https:\/\/unes-chamonix.com\/?s={search_term_string}\"},\"query-input\":\"required name=search_term_string\"}],\"inLanguage\":\"en-US\"},{\"@type\":\"Organization\",\"@id\":\"https:\/\/unes-chamonix.com\/#organization\",\"name\":\"zouz-collective\",\"url\":\"https:\/\/unes-chamonix.com\/\",\"logo\":{\"@type\":\"ImageObject\",\"inLanguage\":\"en-US\",\"@id\":\"https:\/\/unes-chamonix.com\/#\/schema\/logo\/image\/\",\"url\":\"https:\/\/unes-chamonix.com\/wp-content\/uploads\/2023\/08\/UNES_LOGO1-pdf.jpg\",\"contentUrl\":\"https:\/\/unes-chamonix.com\/wp-content\/uploads\/2023\/08\/UNES_LOGO1-pdf.jpg\",\"width\":889,\"height\":889,\"caption\":\"zouz-collective\"},\"image\":{\"@id\":\"https:\/\/unes-chamonix.com\/#\/schema\/logo\/image\/\"},\"sameAs\":[\"https:\/\/www.facebook.com\/Unesfestival\",\"https:\/\/www.instagram.com\/unes_zouzcollective\/\"]}]}<\/script>\n<!-- \/ Yoast SEO plugin. -->","yoast_head_json":{"title":"Publications - Unes Festival","robots":{"index":"index","follow":"follow","max-snippet":"max-snippet:-1","max-image-preview":"max-image-preview:large","max-video-preview":"max-video-preview:-1"},"canonical":"https:\/\/unes-chamonix.com\/index.php\/publications\/","og_locale":"en_US","og_type":"article","og_title":"Publications - Unes Festival","og_url":"https:\/\/unes-chamonix.com\/index.php\/publications\/","og_site_name":"Unes Festival","article_publisher":"https:\/\/www.facebook.com\/Unesfestival","article_modified_time":"2025-01-09T17:22:08+00:00","twitter_card":"summary_large_image","schema":{"@context":"https:\/\/schema.org","@graph":[{"@type":"WebPage","@id":"https:\/\/unes-chamonix.com\/index.php\/publications\/","url":"https:\/\/unes-chamonix.com\/index.php\/publications\/","name":"Publications - Unes Festival","isPartOf":{"@id":"https:\/\/unes-chamonix.com\/#website"},"datePublished":"2025-01-09T09:54:42+00:00","dateModified":"2025-01-09T17:22:08+00:00","breadcrumb":{"@id":"https:\/\/unes-chamonix.com\/index.php\/publications\/#breadcrumb"},"inLanguage":"en-US","potentialAction":[{"@type":"ReadAction","target":["https:\/\/unes-chamonix.com\/index.php\/publications\/"]}]},{"@type":"BreadcrumbList","@id":"https:\/\/unes-chamonix.com\/index.php\/publications\/#breadcrumb","itemListElement":[{"@type":"ListItem","position":1,"name":"Home","item":"https:\/\/unes-chamonix.com\/"},{"@type":"ListItem","position":2,"name":"Publications"}]},{"@type":"WebSite","@id":"https:\/\/unes-chamonix.com\/#website","url":"https:\/\/unes-chamonix.com\/","name":"unes-chamonix.com","description":"Iniatives feministes du zouz collective","publisher":{"@id":"https:\/\/unes-chamonix.com\/#organization"},"potentialAction":[{"@type":"SearchAction","target":{"@type":"EntryPoint","urlTemplate":"https:\/\/unes-chamonix.com\/?s={search_term_string}"},"query-input":"required name=search_term_string"}],"inLanguage":"en-US"},{"@type":"Organization","@id":"https:\/\/unes-chamonix.com\/#organization","name":"zouz-collective","url":"https:\/\/unes-chamonix.com\/","logo":{"@type":"ImageObject","inLanguage":"en-US","@id":"https:\/\/unes-chamonix.com\/#\/schema\/logo\/image\/","url":"https:\/\/unes-chamonix.com\/wp-content\/uploads\/2023\/08\/UNES_LOGO1-pdf.jpg","contentUrl":"https:\/\/unes-chamonix.com\/wp-content\/uploads\/2023\/08\/UNES_LOGO1-pdf.jpg","width":889,"height":889,"caption":"zouz-collective"},"image":{"@id":"https:\/\/unes-chamonix.com\/#\/schema\/logo\/image\/"},"sameAs":["https:\/\/www.facebook.com\/Unesfestival","https:\/\/www.instagram.com\/unes_zouzcollective\/"]}]}},"_links":{"self":[{"href":"https:\/\/unes-chamonix.com\/index.php\/wp-json\/wp\/v2\/pages\/1596","targetHints":{"allow":["GET"]}}],"collection":[{"href":"https:\/\/unes-chamonix.com\/index.php\/wp-json\/wp\/v2\/pages"}],"about":[{"href":"https:\/\/unes-chamonix.com\/index.php\/wp-json\/wp\/v2\/types\/page"}],"author":[{"embeddable":true,"href":"https:\/\/unes-chamonix.com\/index.php\/wp-json\/wp\/v2\/users\/1"}],"replies":[{"embeddable":true,"href":"https:\/\/unes-chamonix.com\/index.php\/wp-json\/wp\/v2\/comments?post=1596"}],"version-history":[{"count":8,"href":"https:\/\/unes-chamonix.com\/index.php\/wp-json\/wp\/v2\/pages\/1596\/revisions"}],"predecessor-version":[{"id":1622,"href":"https:\/\/unes-chamonix.com\/index.php\/wp-json\/wp\/v2\/pages\/1596\/revisions\/1622"}],"wp:attachment":[{"href":"https:\/\/unes-chamonix.com\/index.php\/wp-json\/wp\/v2\/media?parent=1596"}],"curies":[{"name":"wp","href":"https:\/\/api.w.org\/{rel}","templated":true}]}}