{"id":1828,"date":"2025-04-17T15:43:23","date_gmt":"2025-04-17T13:43:23","guid":{"rendered":"https:\/\/unes-chamonix.com\/?page_id=1828"},"modified":"2025-04-17T16:32:19","modified_gmt":"2025-04-17T14:32:19","slug":"safe-space","status":"publish","type":"page","link":"https:\/\/unes-chamonix.com\/index.php\/safe-space\/","title":{"rendered":""},"content":{"rendered":"\n<p>L\u2019<strong>association Consentis<\/strong>\u00a0trouve son origine dans une volont\u00e9 de repenser la pr\u00e9vention des violences en milieu festif. D\u00e8s ses d\u00e9buts,<strong>\u00a0l\u2019\u00e9quipe Consentis<\/strong>\u00a0a investi les lieux de f\u00eate pour sensibiliser sur les questions de consentement et de s\u00e9curit\u00e9. Retrouvez toutes les infos sur leur site <a href=\"http:\/\/www.consentis.info\">www.consentis.info<\/a><\/p>\n\n\n\n<figure class=\"wp-block-embed is-type-video is-provider-youtube wp-block-embed-youtube wp-embed-aspect-16-9 wp-has-aspect-ratio\"><div class=\"wp-block-embed__wrapper\">\n<div class=\"nv-iframe-embed\"><iframe title=\"CONSENTIS - DANSONS LIBRE\" width=\"1200\" height=\"675\" src=\"https:\/\/www.youtube.com\/embed\/CwACDZ1XqbQ?feature=oembed\" frameborder=\"0\" allow=\"accelerometer; autoplay; clipboard-write; encrypted-media; gyroscope; picture-in-picture; web-share\" referrerpolicy=\"strict-origin-when-cross-origin\" allowfullscreen><\/iframe><\/div>\n<\/div><\/figure>\n\n\n\n<div class=\"wp-block-columns is-layout-flex wp-container-core-columns-is-layout-9d6595d7 wp-block-columns-is-layout-flex\">\n<div class=\"wp-block-column is-layout-flow wp-block-column-is-layout-flow\">\n<figure class=\"wp-block-image size-large\"><img fetchpriority=\"high\" decoding=\"async\" width=\"740\" height=\"1024\" src=\"http:\/\/unes-chamonix.com\/wp-content\/uploads\/2025\/04\/consentis-flyer-page1-740x1024.png\" alt=\"\" class=\"wp-image-1837\" srcset=\"https:\/\/unes-chamonix.com\/wp-content\/uploads\/2025\/04\/consentis-flyer-page1-740x1024.png 740w, https:\/\/unes-chamonix.com\/wp-content\/uploads\/2025\/04\/consentis-flyer-page1-217x300.png 217w, https:\/\/unes-chamonix.com\/wp-content\/uploads\/2025\/04\/consentis-flyer-page1-768x1062.png 768w, https:\/\/unes-chamonix.com\/wp-content\/uploads\/2025\/04\/consentis-flyer-page1-1110x1536.png 1110w, https:\/\/unes-chamonix.com\/wp-content\/uploads\/2025\/04\/consentis-flyer-page1-1480x2048.png 1480w, https:\/\/unes-chamonix.com\/wp-content\/uploads\/2025\/04\/consentis-flyer-page1.png 1596w\" sizes=\"(max-width: 740px) 100vw, 740px\" \/><\/figure>\n<\/div>\n\n\n\n<div class=\"wp-block-column is-layout-flow wp-block-column-is-layout-flow\">\n<figure class=\"wp-block-image size-large\"><img decoding=\"async\" width=\"740\" height=\"1024\" src=\"http:\/\/unes-chamonix.com\/wp-content\/uploads\/2025\/04\/consentis-flyer-page2-740x1024.png\" alt=\"\" class=\"wp-image-1832\" srcset=\"https:\/\/unes-chamonix.com\/wp-content\/uploads\/2025\/04\/consentis-flyer-page2-740x1024.png 740w, https:\/\/unes-chamonix.com\/wp-content\/uploads\/2025\/04\/consentis-flyer-page2-217x300.png 217w, https:\/\/unes-chamonix.com\/wp-content\/uploads\/2025\/04\/consentis-flyer-page2-768x1062.png 768w, https:\/\/unes-chamonix.com\/wp-content\/uploads\/2025\/04\/consentis-flyer-page2-1110x1536.png 1110w, https:\/\/unes-chamonix.com\/wp-content\/uploads\/2025\/04\/consentis-flyer-page2-1480x2048.png 1480w, https:\/\/unes-chamonix.com\/wp-content\/uploads\/2025\/04\/consentis-flyer-page2.png 1596w\" sizes=\"(max-width: 740px) 100vw, 740px\" \/><\/figure>\n<\/div>\n<\/div>\n\n\n<div class=\"wp-block-image\">\n<figure class=\"aligncenter size-large\"><img decoding=\"async\" width=\"723\" height=\"1024\" src=\"http:\/\/unes-chamonix.com\/wp-content\/uploads\/2025\/04\/consentis-safebar-memo-723x1024.png\" alt=\"\" class=\"wp-image-1831\" srcset=\"https:\/\/unes-chamonix.com\/wp-content\/uploads\/2025\/04\/consentis-safebar-memo-723x1024.png 723w, https:\/\/unes-chamonix.com\/wp-content\/uploads\/2025\/04\/consentis-safebar-memo-212x300.png 212w, https:\/\/unes-chamonix.com\/wp-content\/uploads\/2025\/04\/consentis-safebar-memo-768x1088.png 768w, https:\/\/unes-chamonix.com\/wp-content\/uploads\/2025\/04\/consentis-safebar-memo-1084x1536.png 1084w, https:\/\/unes-chamonix.com\/wp-content\/uploads\/2025\/04\/consentis-safebar-memo-1446x2048.png 1446w, https:\/\/unes-chamonix.com\/wp-content\/uploads\/2025\/04\/consentis-safebar-memo.png 1598w\" sizes=\"(max-width: 723px) 100vw, 723px\" \/><\/figure>\n<\/div>\n\n\n<div class=\"wp-block-columns is-layout-flex wp-container-core-columns-is-layout-9d6595d7 wp-block-columns-is-layout-flex\">\n<div class=\"wp-block-column is-layout-flow wp-block-column-is-layout-flow\">\n<figure class=\"wp-block-image size-large\"><img loading=\"lazy\" decoding=\"async\" width=\"1024\" height=\"983\" src=\"http:\/\/unes-chamonix.com\/wp-content\/uploads\/2025\/04\/violentometre-fete1-1024x983.png\" alt=\"\" class=\"wp-image-1841\" srcset=\"https:\/\/unes-chamonix.com\/wp-content\/uploads\/2025\/04\/violentometre-fete1-1024x983.png 1024w, https:\/\/unes-chamonix.com\/wp-content\/uploads\/2025\/04\/violentometre-fete1-300x288.png 300w, https:\/\/unes-chamonix.com\/wp-content\/uploads\/2025\/04\/violentometre-fete1-768x737.png 768w, https:\/\/unes-chamonix.com\/wp-content\/uploads\/2025\/04\/violentometre-fete1-1536x1474.png 1536w, https:\/\/unes-chamonix.com\/wp-content\/uploads\/2025\/04\/violentometre-fete1.png 1598w\" sizes=\"(max-width: 1024px) 100vw, 1024px\" \/><\/figure>\n<\/div>\n\n\n\n<div class=\"wp-block-column is-layout-flow wp-block-column-is-layout-flow\">\n<figure class=\"wp-block-image size-large is-resized\"><img loading=\"lazy\" decoding=\"async\" width=\"1024\" height=\"1024\" src=\"http:\/\/unes-chamonix.com\/wp-content\/uploads\/2025\/04\/violentometre-fete2-1024x1024.png\" alt=\"\" class=\"wp-image-1842\" style=\"width:557px;height:auto\" srcset=\"https:\/\/unes-chamonix.com\/wp-content\/uploads\/2025\/04\/violentometre-fete2-1024x1024.png 1024w, https:\/\/unes-chamonix.com\/wp-content\/uploads\/2025\/04\/violentometre-fete2-300x300.png 300w, https:\/\/unes-chamonix.com\/wp-content\/uploads\/2025\/04\/violentometre-fete2-150x150.png 150w, https:\/\/unes-chamonix.com\/wp-content\/uploads\/2025\/04\/violentometre-fete2-768x768.png 768w, https:\/\/unes-chamonix.com\/wp-content\/uploads\/2025\/04\/violentometre-fete2-1536x1536.png 1536w, https:\/\/unes-chamonix.com\/wp-content\/uploads\/2025\/04\/violentometre-fete2.png 1598w\" sizes=\"(max-width: 1024px) 100vw, 1024px\" \/><\/figure>\n<\/div>\n<\/div>\n\n\n\n<p>Retrouvez toutes les affiches \/ flyer \/ brochures de l&#8217;association <strong>CONSENTIS<\/strong> sur <a href=\"http:\/\/www.consentis.info\">www.consentis.info<\/a><\/p>\n","protected":false},"excerpt":{"rendered":"<p>L\u2019association Consentis\u00a0trouve son origine dans une volont\u00e9 de repenser la pr\u00e9vention des violences en milieu festif. D\u00e8s ses d\u00e9buts,\u00a0l\u2019\u00e9quipe Consentis\u00a0a investi les lieux de f\u00eate pour sensibiliser sur les questions de consentement et de s\u00e9curit\u00e9. Retrouvez toutes les infos sur leur site www.consentis.info Retrouvez toutes les affiches \/ flyer \/ brochures de l&#8217;association CONSENTIS sur&hellip;&nbsp;<a href=\"https:\/\/unes-chamonix.com\/index.php\/safe-space\/\" class=\"\" rel=\"bookmark\">Read More &raquo;<span class=\"screen-reader-text\"><\/span><\/a><\/p>\n","protected":false},"author":1,"featured_media":0,"parent":0,"menu_order":0,"comment_status":"closed","ping_status":"closed","template":"","meta":{"_acf_changed":false,"neve_meta_sidebar":"","neve_meta_container":"","neve_meta_enable_content_width":"","neve_meta_content_width":0,"neve_meta_title_alignment":"","neve_meta_author_avatar":"","neve_post_elements_order":"","neve_meta_disable_header":"","neve_meta_disable_footer":"","neve_meta_disable_title":"","footnotes":""},"class_list":["post-1828","page","type-page","status-publish","hentry"],"acf":[],"yoast_head":"<!-- This site is optimized with the Yoast SEO plugin v22.0 - https:\/\/yoast.com\/wordpress\/plugins\/seo\/ -->\n<title>- Unes Festival<\/title>\n<meta name=\"robots\" content=\"index, follow, max-snippet:-1, max-image-preview:large, max-video-preview:-1\" \/>\n<link rel=\"canonical\" href=\"https:\/\/unes-chamonix.com\/index.php\/safe-space\/\" \/>\n<meta property=\"og:locale\" content=\"en_US\" \/>\n<meta property=\"og:type\" content=\"article\" \/>\n<meta property=\"og:title\" content=\"- Unes Festival\" \/>\n<meta property=\"og:description\" content=\"L\u2019association Consentis\u00a0trouve son origine dans une volont\u00e9 de repenser la pr\u00e9vention des violences en milieu festif. D\u00e8s ses d\u00e9buts,\u00a0l\u2019\u00e9quipe Consentis\u00a0a investi les lieux de f\u00eate pour sensibiliser sur les questions de consentement et de s\u00e9curit\u00e9. Retrouvez toutes les infos sur leur site www.consentis.info Retrouvez toutes les affiches \/ flyer \/ brochures de l&#8217;association CONSENTIS sur&hellip;&nbsp;Read More &raquo;\" \/>\n<meta property=\"og:url\" content=\"https:\/\/unes-chamonix.com\/index.php\/safe-space\/\" \/>\n<meta property=\"og:site_name\" content=\"Unes Festival\" \/>\n<meta property=\"article:publisher\" content=\"https:\/\/www.facebook.com\/Unesfestival\" \/>\n<meta property=\"article:modified_time\" content=\"2025-04-17T14:32:19+00:00\" \/>\n<meta property=\"og:image\" content=\"http:\/\/unes-chamonix.com\/wp-content\/uploads\/2025\/04\/consentis-flyer-page1-740x1024.png\" \/>\n<meta name=\"twitter:card\" content=\"summary_large_image\" \/>\n<meta name=\"twitter:label1\" content=\"Est. reading time\" \/>\n\t<meta name=\"twitter:data1\" content=\"2 minutes\" \/>\n<script type=\"application\/ld+json\" class=\"yoast-schema-graph\">{\"@context\":\"https:\/\/schema.org\",\"@graph\":[{\"@type\":\"WebPage\",\"@id\":\"https:\/\/unes-chamonix.com\/index.php\/safe-space\/\",\"url\":\"https:\/\/unes-chamonix.com\/index.php\/safe-space\/\",\"name\":\"- Unes Festival\",\"isPartOf\":{\"@id\":\"https:\/\/unes-chamonix.com\/#website\"},\"datePublished\":\"2025-04-17T13:43:23+00:00\",\"dateModified\":\"2025-04-17T14:32:19+00:00\",\"inLanguage\":\"en-US\",\"potentialAction\":[{\"@type\":\"ReadAction\",\"target\":[\"https:\/\/unes-chamonix.com\/index.php\/safe-space\/\"]}]},{\"@type\":\"WebSite\",\"@id\":\"https:\/\/unes-chamonix.com\/#website\",\"url\":\"https:\/\/unes-chamonix.com\/\",\"name\":\"unes-chamonix.com\",\"description\":\"Iniatives feministes du zouz collective\",\"publisher\":{\"@id\":\"https:\/\/unes-chamonix.com\/#organization\"},\"potentialAction\":[{\"@type\":\"SearchAction\",\"target\":{\"@type\":\"EntryPoint\",\"urlTemplate\":\"https:\/\/unes-chamonix.com\/?s={search_term_string}\"},\"query-input\":\"required name=search_term_string\"}],\"inLanguage\":\"en-US\"},{\"@type\":\"Organization\",\"@id\":\"https:\/\/unes-chamonix.com\/#organization\",\"name\":\"zouz-collective\",\"url\":\"https:\/\/unes-chamonix.com\/\",\"logo\":{\"@type\":\"ImageObject\",\"inLanguage\":\"en-US\",\"@id\":\"https:\/\/unes-chamonix.com\/#\/schema\/logo\/image\/\",\"url\":\"https:\/\/unes-chamonix.com\/wp-content\/uploads\/2023\/08\/UNES_LOGO1-pdf.jpg\",\"contentUrl\":\"https:\/\/unes-chamonix.com\/wp-content\/uploads\/2023\/08\/UNES_LOGO1-pdf.jpg\",\"width\":889,\"height\":889,\"caption\":\"zouz-collective\"},\"image\":{\"@id\":\"https:\/\/unes-chamonix.com\/#\/schema\/logo\/image\/\"},\"sameAs\":[\"https:\/\/www.facebook.com\/Unesfestival\",\"https:\/\/www.instagram.com\/unes_zouzcollective\/\"]}]}<\/script>\n<!-- \/ Yoast SEO plugin. -->","yoast_head_json":{"title":"- Unes Festival","robots":{"index":"index","follow":"follow","max-snippet":"max-snippet:-1","max-image-preview":"max-image-preview:large","max-video-preview":"max-video-preview:-1"},"canonical":"https:\/\/unes-chamonix.com\/index.php\/safe-space\/","og_locale":"en_US","og_type":"article","og_title":"- Unes Festival","og_description":"L\u2019association Consentis\u00a0trouve son origine dans une volont\u00e9 de repenser la pr\u00e9vention des violences en milieu festif. D\u00e8s ses d\u00e9buts,\u00a0l\u2019\u00e9quipe Consentis\u00a0a investi les lieux de f\u00eate pour sensibiliser sur les questions de consentement et de s\u00e9curit\u00e9. Retrouvez toutes les infos sur leur site www.consentis.info Retrouvez toutes les affiches \/ flyer \/ brochures de l&#8217;association CONSENTIS sur&hellip;&nbsp;Read More &raquo;","og_url":"https:\/\/unes-chamonix.com\/index.php\/safe-space\/","og_site_name":"Unes Festival","article_publisher":"https:\/\/www.facebook.com\/Unesfestival","article_modified_time":"2025-04-17T14:32:19+00:00","og_image":[{"url":"http:\/\/unes-chamonix.com\/wp-content\/uploads\/2025\/04\/consentis-flyer-page1-740x1024.png"}],"twitter_card":"summary_large_image","twitter_misc":{"Est. reading time":"2 minutes"},"schema":{"@context":"https:\/\/schema.org","@graph":[{"@type":"WebPage","@id":"https:\/\/unes-chamonix.com\/index.php\/safe-space\/","url":"https:\/\/unes-chamonix.com\/index.php\/safe-space\/","name":"- Unes Festival","isPartOf":{"@id":"https:\/\/unes-chamonix.com\/#website"},"datePublished":"2025-04-17T13:43:23+00:00","dateModified":"2025-04-17T14:32:19+00:00","inLanguage":"en-US","potentialAction":[{"@type":"ReadAction","target":["https:\/\/unes-chamonix.com\/index.php\/safe-space\/"]}]},{"@type":"WebSite","@id":"https:\/\/unes-chamonix.com\/#website","url":"https:\/\/unes-chamonix.com\/","name":"unes-chamonix.com","description":"Iniatives feministes du zouz collective","publisher":{"@id":"https:\/\/unes-chamonix.com\/#organization"},"potentialAction":[{"@type":"SearchAction","target":{"@type":"EntryPoint","urlTemplate":"https:\/\/unes-chamonix.com\/?s={search_term_string}"},"query-input":"required name=search_term_string"}],"inLanguage":"en-US"},{"@type":"Organization","@id":"https:\/\/unes-chamonix.com\/#organization","name":"zouz-collective","url":"https:\/\/unes-chamonix.com\/","logo":{"@type":"ImageObject","inLanguage":"en-US","@id":"https:\/\/unes-chamonix.com\/#\/schema\/logo\/image\/","url":"https:\/\/unes-chamonix.com\/wp-content\/uploads\/2023\/08\/UNES_LOGO1-pdf.jpg","contentUrl":"https:\/\/unes-chamonix.com\/wp-content\/uploads\/2023\/08\/UNES_LOGO1-pdf.jpg","width":889,"height":889,"caption":"zouz-collective"},"image":{"@id":"https:\/\/unes-chamonix.com\/#\/schema\/logo\/image\/"},"sameAs":["https:\/\/www.facebook.com\/Unesfestival","https:\/\/www.instagram.com\/unes_zouzcollective\/"]}]}},"_links":{"self":[{"href":"https:\/\/unes-chamonix.com\/index.php\/wp-json\/wp\/v2\/pages\/1828","targetHints":{"allow":["GET"]}}],"collection":[{"href":"https:\/\/unes-chamonix.com\/index.php\/wp-json\/wp\/v2\/pages"}],"about":[{"href":"https:\/\/unes-chamonix.com\/index.php\/wp-json\/wp\/v2\/types\/page"}],"author":[{"embeddable":true,"href":"https:\/\/unes-chamonix.com\/index.php\/wp-json\/wp\/v2\/users\/1"}],"replies":[{"embeddable":true,"href":"https:\/\/unes-chamonix.com\/index.php\/wp-json\/wp\/v2\/comments?post=1828"}],"version-history":[{"count":14,"href":"https:\/\/unes-chamonix.com\/index.php\/wp-json\/wp\/v2\/pages\/1828\/revisions"}],"predecessor-version":[{"id":1860,"href":"https:\/\/unes-chamonix.com\/index.php\/wp-json\/wp\/v2\/pages\/1828\/revisions\/1860"}],"wp:attachment":[{"href":"https:\/\/unes-chamonix.com\/index.php\/wp-json\/wp\/v2\/media?parent=1828"}],"curies":[{"name":"wp","href":"https:\/\/api.w.org\/{rel}","templated":true}]}}