{"id":375,"date":"2023-10-07T19:17:39","date_gmt":"2023-10-07T17:17:39","guid":{"rendered":"http:\/\/unes-chamonix.com\/?page_id=375"},"modified":"2026-03-17T18:39:44","modified_gmt":"2026-03-17T17:39:44","slug":"landing-page","status":"publish","type":"page","link":"https:\/\/unes-chamonix.com\/","title":{"rendered":""},"content":{"rendered":"\n<div class=\"wp-block-cover alignfull is-light wp-duotone-unset-1\" style=\"min-height:741px;aspect-ratio:unset;\"><img fetchpriority=\"high\" decoding=\"async\" width=\"1024\" height=\"576\" class=\"wp-block-cover__image-background wp-image-1878 size-large\" alt=\"festival-unes-2026\" src=\"http:\/\/unes-chamonix.com\/wp-content\/uploads\/2026\/02\/Copy-of-Copy-of-HEADER-SITE-WEB-16.9-1024x576.jpg\" data-object-fit=\"cover\" srcset=\"https:\/\/unes-chamonix.com\/wp-content\/uploads\/2026\/02\/Copy-of-Copy-of-HEADER-SITE-WEB-16.9-1024x576.jpg 1024w, https:\/\/unes-chamonix.com\/wp-content\/uploads\/2026\/02\/Copy-of-Copy-of-HEADER-SITE-WEB-16.9-300x169.jpg 300w, https:\/\/unes-chamonix.com\/wp-content\/uploads\/2026\/02\/Copy-of-Copy-of-HEADER-SITE-WEB-16.9-768x432.jpg 768w, https:\/\/unes-chamonix.com\/wp-content\/uploads\/2026\/02\/Copy-of-Copy-of-HEADER-SITE-WEB-16.9-1536x864.jpg 1536w, https:\/\/unes-chamonix.com\/wp-content\/uploads\/2026\/02\/Copy-of-Copy-of-HEADER-SITE-WEB-16.9.jpg 1920w\" sizes=\"(max-width: 1024px) 100vw, 1024px\" \/><span aria-hidden=\"true\" class=\"wp-block-cover__background has-background-dim-0 has-background-dim\" style=\"background-color:#94a1a9\"><\/span><div class=\"wp-block-cover__inner-container is-layout-constrained wp-block-cover-is-layout-constrained\">\n<h1 class=\"wp-block-heading has-text-align-center has-nv-site-bg-color has-text-color has-link-color wp-elements-9f473cf298e08684a2cfadf1fb1dac6d\">FESTIVAL UNES<\/h1>\n\n\n\n<h3 class=\"wp-block-heading has-text-align-center has-nv-site-bg-color has-text-color has-link-color wp-elements-76be70220feb19855b2abe8b50db219f\">16-19 avril 2026<\/h3>\n\n\n\n<h3 class=\"wp-block-heading has-text-align-center has-nv-site-bg-color has-text-color has-link-color wp-elements-0c2865da5050663b0bafb024420966cd\">chamonix-mt-blanc<\/h3>\n\n\n\n<div class=\"wp-block-buttons alignwide is-content-justification-center is-layout-flex wp-container-core-buttons-is-layout-d9cd0f1e wp-block-buttons-is-layout-flex\">\n<div class=\"wp-block-button is-style-secondary\"><a class=\"wp-block-button__link wp-element-button\" href=\"https:\/\/unes-chamonix.com\/index.php\/programme-festival-2026\/\">PROGRAMME<\/a><\/div>\n<\/div>\n<\/div><\/div>\n\n\n\n<h4 class=\"wp-block-heading alignfull\"><\/h4>\n\n\n\n<div class=\"wp-block-buttons alignfull is-content-justification-center is-layout-flex wp-container-core-buttons-is-layout-51f7783f wp-block-buttons-is-layout-flex\">\n<div class=\"wp-block-button is-style-default\"><a class=\"wp-block-button__link wp-element-button\" href=\"https:\/\/www.helloasso.com\/associations\/zouz-collective\/adhesions\/adhesion\" target=\"_blank\" rel=\"noreferrer noopener\">Adh\u00e9rer<\/a><\/div>\n\n\n\n<div class=\"wp-block-button is-style-default\"><a class=\"wp-block-button__link wp-element-button\" href=\"https:\/\/www.helloasso.com\/associations\/zouz-collective\/collectes\/super-un-e-s?fbclid=PAZXh0bgNhZW0CMTEAAab3Gi_juI3Bm6hvK4F8eHxihtM8Qt5KvSJwOmT9rVSg2a9w5bIfLq843cE_aem_Vdy0xfUENqA7Z7RiD21CtQ\" target=\"_blank\" rel=\"noreferrer noopener\">Faites un don<\/a><\/div>\n<\/div>\n\n\n\n<hr class=\"wp-block-separator alignfull has-alpha-channel-opacity is-style-wide\"\/>\n\n\n\n<p><\/p>\n\n\n\n<div class=\"wp-block-media-text alignfull is-stacked-on-mobile is-vertically-aligned-center\"><figure class=\"wp-block-media-text__media\"><img decoding=\"async\" src=\"http:\/\/unes-chamonix.com\/wp-content\/uploads\/2023\/10\/Copyright_LaylaKerley048.jpg\" alt=\"\" class=\"wp-image-382 size-full\"\/><\/figure><div class=\"wp-block-media-text__content\">\n<p><\/p>\n\n\n\n<h2 class=\"wp-block-heading has-text-align-left has-text-color\" style=\"color:#000000\">Nous sommes UNES<\/h2>\n\n\n\n<p>Nous d\u00e9sirons lutter contre les toutes les formes de discrimination et d\u2019exclusion bas\u00e9es sur le genre, ainsi que les in\u00e9galit\u00e9s structurelles qui en d\u00e9coulent. Nous sommes unies\u2026<strong>nous sommes UNES<\/strong>. <\/p>\n\n\n\n<div class=\"wp-block-buttons is-content-justification-left is-layout-flex wp-container-core-buttons-is-layout-fdcfc74e wp-block-buttons-is-layout-flex\">\n<div class=\"wp-block-button is-style-default\"><a class=\"wp-block-button__link wp-element-button\" href=\"https:\/\/unes-chamonix.com\/index.php\/we-are-unes\/\">En savoir plus<\/a><\/div>\n<\/div>\n<\/div><\/div>\n\n\n\n<div class=\"wp-block-media-text alignfull has-media-on-the-right is-stacked-on-mobile is-vertically-aligned-center\"><div class=\"wp-block-media-text__content\">\n<p><\/p>\n\n\n\n<h2 class=\"wp-block-heading has-text-align-left has-text-color\" style=\"color:#000000\">Nos actions<\/h2>\n\n\n\n<p>Nos actions, c\u2019est d\u2019abord un festival annuel \u00e0 Chamonix:&nbsp;UNES. Ce sont cinq&nbsp;<strong>jours d\u00e9di\u00e9s au f\u00e9minisme, aux droits des femmes et \u00e0 la remise en question des in\u00e9galit\u00e9s entre les genres<\/strong>. Cinq jours de&nbsp;<strong>rencontres, de discussions et de partages<\/strong>.<\/p>\n\n\n\n<p>Nous travaillons aussi sur des actions ponctuelles, comme la&nbsp;<strong>c\u00e9l\u00e9bration de la Journ\u00e9e Internationale contre les violences faites aux femmes le 25 novembre<\/strong>, des ap\u00e9ros malins, des r\u00e9ponses \u00e0 des&nbsp;<strong>appels \u00e0 projets<\/strong>&nbsp;et des&nbsp;<strong>partenariats avec des associations<\/strong>&nbsp;de la Vall\u00e9e de Chamonix.<\/p>\n\n\n\n<div class=\"wp-block-buttons is-content-justification-left is-layout-flex wp-container-core-buttons-is-layout-fdcfc74e wp-block-buttons-is-layout-flex\">\n<div class=\"wp-block-button is-style-default\"><a class=\"wp-block-button__link wp-element-button\" href=\"https:\/\/unes-chamonix.com\/index.php\/nos-actions\/\">En savoir plus<\/a><\/div>\n<\/div>\n<\/div><figure class=\"wp-block-media-text__media\"><img decoding=\"async\" width=\"683\" height=\"1024\" src=\"http:\/\/unes-chamonix.com\/wp-content\/uploads\/2023\/09\/UNES-2.5-683x1024.jpg\" alt=\"\" class=\"wp-image-294 size-full\" srcset=\"https:\/\/unes-chamonix.com\/wp-content\/uploads\/2023\/09\/UNES-2.5-683x1024.jpg 683w, https:\/\/unes-chamonix.com\/wp-content\/uploads\/2023\/09\/UNES-2.5-200x300.jpg 200w, https:\/\/unes-chamonix.com\/wp-content\/uploads\/2023\/09\/UNES-2.5-768x1152.jpg 768w, https:\/\/unes-chamonix.com\/wp-content\/uploads\/2023\/09\/UNES-2.5-1024x1536.jpg 1024w, https:\/\/unes-chamonix.com\/wp-content\/uploads\/2023\/09\/UNES-2.5-1365x2048.jpg 1365w, https:\/\/unes-chamonix.com\/wp-content\/uploads\/2023\/09\/UNES-2.5-scaled.jpg 1707w\" sizes=\"(max-width: 683px) 100vw, 683px\" \/><\/figure><\/div>\n\n\n\n<div class=\"wp-block-media-text alignfull is-stacked-on-mobile is-vertically-aligned-center\"><figure class=\"wp-block-media-text__media\"><img decoding=\"async\" width=\"1024\" height=\"683\" src=\"http:\/\/unes-chamonix.com\/wp-content\/uploads\/2024\/08\/Copie-de-Copie-de-DSC04906-1024x683.jpg\" alt=\"\" class=\"wp-image-1513 size-full\" srcset=\"https:\/\/unes-chamonix.com\/wp-content\/uploads\/2024\/08\/Copie-de-Copie-de-DSC04906-1024x683.jpg 1024w, https:\/\/unes-chamonix.com\/wp-content\/uploads\/2024\/08\/Copie-de-Copie-de-DSC04906-300x200.jpg 300w, https:\/\/unes-chamonix.com\/wp-content\/uploads\/2024\/08\/Copie-de-Copie-de-DSC04906-768x512.jpg 768w, https:\/\/unes-chamonix.com\/wp-content\/uploads\/2024\/08\/Copie-de-Copie-de-DSC04906-1536x1024.jpg 1536w\" sizes=\"(max-width: 1024px) 100vw, 1024px\" \/><\/figure><div class=\"wp-block-media-text__content\">\n<p><\/p>\n\n\n\n<h2 class=\"wp-block-heading has-text-align-left has-text-color\" style=\"color:#000000\">Photos<\/h2>\n\n\n\n<p>Une selection d&#8217;images de nos \u00e9v\u00e9nements<\/p>\n\n\n\n<div class=\"wp-block-buttons is-content-justification-left is-layout-flex wp-container-core-buttons-is-layout-fdcfc74e wp-block-buttons-is-layout-flex\">\n<div class=\"wp-block-button is-style-default\"><a class=\"wp-block-button__link wp-element-button\" href=\"https:\/\/unes-chamonix.com\/index.php\/gallery\/\">Voir<\/a><\/div>\n<\/div>\n<\/div><\/div>\n\n\n\n<div class=\"wp-block-cover alignfull\" style=\"min-height:331px;aspect-ratio:unset;\"><span aria-hidden=\"true\" class=\"wp-block-cover__background has-nv-dark-bg-background-color has-background-dim-100 has-background-dim\"><\/span><div class=\"wp-block-cover__inner-container is-layout-constrained wp-block-cover-is-layout-constrained\">\n<h2 class=\"wp-block-heading has-text-align-center has-large-font-size\">En cas d&#8217;urgence<\/h2>\n\n\n\n<div class=\"wp-block-buttons is-content-justification-center is-layout-flex wp-container-core-buttons-is-layout-16018d1d wp-block-buttons-is-layout-flex\">\n<div class=\"wp-block-button is-style-secondary\"><a class=\"wp-block-button__link wp-element-button\" href=\"https:\/\/unes-chamonix.com\/index.php\/liens-utiles\/\">Num\u00e9ros Utiles<\/a><\/div>\n<\/div>\n<\/div><\/div>\n","protected":false},"excerpt":{"rendered":"","protected":false},"author":1,"featured_media":0,"parent":0,"menu_order":0,"comment_status":"closed","ping_status":"closed","template":"","meta":{"_acf_changed":false,"neve_meta_sidebar":"","neve_meta_container":"","neve_meta_enable_content_width":"","neve_meta_content_width":0,"neve_meta_title_alignment":"","neve_meta_author_avatar":"","neve_post_elements_order":"","neve_meta_disable_header":"","neve_meta_disable_footer":"","neve_meta_disable_title":"","footnotes":""},"class_list":["post-375","page","type-page","status-publish","hentry"],"acf":[],"yoast_head":"<!-- This site is optimized with the Yoast SEO plugin v22.0 - https:\/\/yoast.com\/wordpress\/plugins\/seo\/ -->\n<title>- Unes Festival<\/title>\n<meta name=\"description\" content=\"festival f\u00e9ministe Chamonix, actions pour les droits des femmes, luttes contre les in\u00e9galit\u00e9s, soutien aux victimes de violences\" \/>\n<meta name=\"robots\" content=\"index, follow, max-snippet:-1, max-image-preview:large, max-video-preview:-1\" \/>\n<link rel=\"canonical\" href=\"https:\/\/unes-chamonix.com\/\" \/>\n<meta property=\"og:locale\" content=\"en_US\" \/>\n<meta property=\"og:type\" content=\"article\" \/>\n<meta property=\"og:title\" content=\"- Unes Festival\" \/>\n<meta property=\"og:description\" content=\"festival f\u00e9ministe Chamonix, actions pour les droits des femmes, luttes contre les in\u00e9galit\u00e9s, soutien aux victimes de violences\" \/>\n<meta property=\"og:url\" content=\"https:\/\/unes-chamonix.com\/\" \/>\n<meta property=\"og:site_name\" content=\"Unes Festival\" \/>\n<meta property=\"article:publisher\" content=\"https:\/\/www.facebook.com\/Unesfestival\" \/>\n<meta property=\"article:modified_time\" content=\"2026-03-17T17:39:44+00:00\" \/>\n<meta property=\"og:image\" content=\"http:\/\/unes-chamonix.com\/wp-content\/uploads\/2026\/02\/Copy-of-Copy-of-HEADER-SITE-WEB-16.9-1024x576.jpg\" \/>\n<meta name=\"twitter:card\" content=\"summary_large_image\" \/>\n<meta name=\"twitter:label1\" content=\"Est. reading time\" \/>\n\t<meta name=\"twitter:data1\" content=\"2 minutes\" \/>\n<script type=\"application\/ld+json\" class=\"yoast-schema-graph\">{\"@context\":\"https:\/\/schema.org\",\"@graph\":[{\"@type\":\"WebPage\",\"@id\":\"https:\/\/unes-chamonix.com\/\",\"url\":\"https:\/\/unes-chamonix.com\/\",\"name\":\"- Unes Festival\",\"isPartOf\":{\"@id\":\"https:\/\/unes-chamonix.com\/#website\"},\"datePublished\":\"2023-10-07T17:17:39+00:00\",\"dateModified\":\"2026-03-17T17:39:44+00:00\",\"description\":\"festival f\u00e9ministe Chamonix, actions pour les droits des femmes, luttes contre les in\u00e9galit\u00e9s, soutien aux victimes de violences\",\"inLanguage\":\"en-US\",\"potentialAction\":[{\"@type\":\"ReadAction\",\"target\":[\"https:\/\/unes-chamonix.com\/\"]}]},{\"@type\":\"WebSite\",\"@id\":\"https:\/\/unes-chamonix.com\/#website\",\"url\":\"https:\/\/unes-chamonix.com\/\",\"name\":\"unes-chamonix.com\",\"description\":\"Iniatives feministes du zouz collective\",\"publisher\":{\"@id\":\"https:\/\/unes-chamonix.com\/#organization\"},\"potentialAction\":[{\"@type\":\"SearchAction\",\"target\":{\"@type\":\"EntryPoint\",\"urlTemplate\":\"https:\/\/unes-chamonix.com\/?s={search_term_string}\"},\"query-input\":\"required name=search_term_string\"}],\"inLanguage\":\"en-US\"},{\"@type\":\"Organization\",\"@id\":\"https:\/\/unes-chamonix.com\/#organization\",\"name\":\"zouz-collective\",\"url\":\"https:\/\/unes-chamonix.com\/\",\"logo\":{\"@type\":\"ImageObject\",\"inLanguage\":\"en-US\",\"@id\":\"https:\/\/unes-chamonix.com\/#\/schema\/logo\/image\/\",\"url\":\"https:\/\/unes-chamonix.com\/wp-content\/uploads\/2023\/08\/UNES_LOGO1-pdf.jpg\",\"contentUrl\":\"https:\/\/unes-chamonix.com\/wp-content\/uploads\/2023\/08\/UNES_LOGO1-pdf.jpg\",\"width\":889,\"height\":889,\"caption\":\"zouz-collective\"},\"image\":{\"@id\":\"https:\/\/unes-chamonix.com\/#\/schema\/logo\/image\/\"},\"sameAs\":[\"https:\/\/www.facebook.com\/Unesfestival\",\"https:\/\/www.instagram.com\/unes_zouzcollective\/\"]}]}<\/script>\n<!-- \/ Yoast SEO plugin. -->","yoast_head_json":{"title":"- Unes Festival","description":"festival f\u00e9ministe Chamonix, actions pour les droits des femmes, luttes contre les in\u00e9galit\u00e9s, soutien aux victimes de violences","robots":{"index":"index","follow":"follow","max-snippet":"max-snippet:-1","max-image-preview":"max-image-preview:large","max-video-preview":"max-video-preview:-1"},"canonical":"https:\/\/unes-chamonix.com\/","og_locale":"en_US","og_type":"article","og_title":"- Unes Festival","og_description":"festival f\u00e9ministe Chamonix, actions pour les droits des femmes, luttes contre les in\u00e9galit\u00e9s, soutien aux victimes de violences","og_url":"https:\/\/unes-chamonix.com\/","og_site_name":"Unes Festival","article_publisher":"https:\/\/www.facebook.com\/Unesfestival","article_modified_time":"2026-03-17T17:39:44+00:00","og_image":[{"url":"http:\/\/unes-chamonix.com\/wp-content\/uploads\/2026\/02\/Copy-of-Copy-of-HEADER-SITE-WEB-16.9-1024x576.jpg"}],"twitter_card":"summary_large_image","twitter_misc":{"Est. reading time":"2 minutes"},"schema":{"@context":"https:\/\/schema.org","@graph":[{"@type":"WebPage","@id":"https:\/\/unes-chamonix.com\/","url":"https:\/\/unes-chamonix.com\/","name":"- Unes Festival","isPartOf":{"@id":"https:\/\/unes-chamonix.com\/#website"},"datePublished":"2023-10-07T17:17:39+00:00","dateModified":"2026-03-17T17:39:44+00:00","description":"festival f\u00e9ministe Chamonix, actions pour les droits des femmes, luttes contre les in\u00e9galit\u00e9s, soutien aux victimes de violences","inLanguage":"en-US","potentialAction":[{"@type":"ReadAction","target":["https:\/\/unes-chamonix.com\/"]}]},{"@type":"WebSite","@id":"https:\/\/unes-chamonix.com\/#website","url":"https:\/\/unes-chamonix.com\/","name":"unes-chamonix.com","description":"Iniatives feministes du zouz collective","publisher":{"@id":"https:\/\/unes-chamonix.com\/#organization"},"potentialAction":[{"@type":"SearchAction","target":{"@type":"EntryPoint","urlTemplate":"https:\/\/unes-chamonix.com\/?s={search_term_string}"},"query-input":"required name=search_term_string"}],"inLanguage":"en-US"},{"@type":"Organization","@id":"https:\/\/unes-chamonix.com\/#organization","name":"zouz-collective","url":"https:\/\/unes-chamonix.com\/","logo":{"@type":"ImageObject","inLanguage":"en-US","@id":"https:\/\/unes-chamonix.com\/#\/schema\/logo\/image\/","url":"https:\/\/unes-chamonix.com\/wp-content\/uploads\/2023\/08\/UNES_LOGO1-pdf.jpg","contentUrl":"https:\/\/unes-chamonix.com\/wp-content\/uploads\/2023\/08\/UNES_LOGO1-pdf.jpg","width":889,"height":889,"caption":"zouz-collective"},"image":{"@id":"https:\/\/unes-chamonix.com\/#\/schema\/logo\/image\/"},"sameAs":["https:\/\/www.facebook.com\/Unesfestival","https:\/\/www.instagram.com\/unes_zouzcollective\/"]}]}},"_links":{"self":[{"href":"https:\/\/unes-chamonix.com\/index.php\/wp-json\/wp\/v2\/pages\/375","targetHints":{"allow":["GET"]}}],"collection":[{"href":"https:\/\/unes-chamonix.com\/index.php\/wp-json\/wp\/v2\/pages"}],"about":[{"href":"https:\/\/unes-chamonix.com\/index.php\/wp-json\/wp\/v2\/types\/page"}],"author":[{"embeddable":true,"href":"https:\/\/unes-chamonix.com\/index.php\/wp-json\/wp\/v2\/users\/1"}],"replies":[{"embeddable":true,"href":"https:\/\/unes-chamonix.com\/index.php\/wp-json\/wp\/v2\/comments?post=375"}],"version-history":[{"count":99,"href":"https:\/\/unes-chamonix.com\/index.php\/wp-json\/wp\/v2\/pages\/375\/revisions"}],"predecessor-version":[{"id":1991,"href":"https:\/\/unes-chamonix.com\/index.php\/wp-json\/wp\/v2\/pages\/375\/revisions\/1991"}],"wp:attachment":[{"href":"https:\/\/unes-chamonix.com\/index.php\/wp-json\/wp\/v2\/media?parent=375"}],"curies":[{"name":"wp","href":"https:\/\/api.w.org\/{rel}","templated":true}]}}