{"id":467,"date":"2023-11-17T18:02:21","date_gmt":"2023-11-17T17:02:21","guid":{"rendered":"https:\/\/unes-chamonix.com\/?page_id=467"},"modified":"2023-11-17T18:07:32","modified_gmt":"2023-11-17T17:07:32","slug":"journee-internationale-de-lutte-contre-les-violences-faites-aux-femmes","status":"publish","type":"page","link":"https:\/\/unes-chamonix.com\/index.php\/journee-internationale-de-lutte-contre-les-violences-faites-aux-femmes\/","title":{"rendered":"Journ\u00e9e Internationale de lutte contre les violences faites aux femmes"},"content":{"rendered":"\n<h2 class=\"wp-block-heading\">25 Novembre 2023<\/h2>\n\n\n\n<p>Lieu : Place Mont-Blanc &#8211; March\u00e9\u00a0<\/p>\n\n\n\n<p>Heure : 10:30h \u00e0 13:30h&nbsp;<\/p>\n\n\n\n<p><em>En 2022, 147 femmes sont mortes en raison de leur genre.&nbsp;<\/em><\/p>\n\n\n\n<p><em>Dans 90% des cas de violences sexuelles, les femmes connaissent leur agresseur.&nbsp;<\/em><\/p>\n\n\n\n<p>Ces chiffres paraissent fous? Et pourtant ils sont vrais.&nbsp;<\/p>\n\n\n\n<p>A l\u2019occasion de la <strong>Journ\u00e9e Internationale de lutte contre les violences faites aux femmes<\/strong>, le Zouz Collective vous invite \u00e0 se retrouver sur la Place du Mont-Blanc pour discuter des chiffres mais aussi pr\u00e9senter des initiatives locales. Venez nous rencontrer avec la MJC, Espace Femme, Globule Radio, la Librairie Landru et d\u2019autres surprises.&nbsp;<\/p>\n\n\n\n<p>Cette journ\u00e9e sera aussi l\u2019occasion de lancer le festival organis\u00e9 par la <strong>MJC \u00ab Femmes, \u00e9galit\u00e9s, r\u00e9alit\u00e9s \u00bb qui se tiendra du 25 novembre au 9 d\u00e9cembre 2023<\/strong>, et de vous r\u00e9v\u00e9ler <strong>les dates de la 3e \u00e9dition du festival Unes 2024<\/strong>!\u00a0<\/p>\n\n\n\n<figure class=\"wp-block-table\"><table><tbody><tr><td rowspan=\"5\">10:30h \u00e0&nbsp;13:30h<\/td><td>Stand sur la Place Mont-Blanc avec le Zouz Collective, pr\u00e9sence de la MJC<\/td><\/tr><tr><td>Vente d\u2019une s\u00e9lection de livres sur les violences faites aux femmes avec la Librairie Landru<\/td><\/tr><tr><td>Globule Radio vous invite \u00e0 parler des chiffres des violences faites aux femmes en direct<\/td><\/tr><tr><td>Pr\u00e9sentation publique de l\u2019\u00e9tat des violences faites aux femmes avec Espace Femme<\/td><\/tr><tr><td>Lecture publique des textes de Perrine Le Querrec, <em>Rouge Pute <\/em>et <em>Alouette<\/em><\/td><\/tr><tr><td>15h&nbsp;<\/td><td>Stage d\u2019autod\u00e9fense avec Octogona \u00e0 la MJC aux P\u00e8lerins par \u00c9lodie Asorin.<br><a href=\"https:\/\/octogone-autodefense.fr\/\" target=\"_blank\" rel=\"noreferrer noopener\">https:\/\/octogone-autodefense.fr\/ <\/a><br>inscriptions:<br><a href=\"https:\/\/www.helloasso.com\/associations\/zouz-collective\/evenements\/stage-de-autodefense\" target=\"_blank\" rel=\"noreferrer noopener\">https:\/\/www.helloasso.com\/associations\/zouz-collective\/evenements\/stage-de-autodefense<\/a><br><\/td><\/tr><tr><td>18h&nbsp;<\/td><td>Vernissage \u00e0 la M\u00e9diath\u00e8que de l\u2019exposition \u00ab Les femmes oubli\u00e9es des si\u00e8cles pass\u00e9s \u00bb de Marie Morel, organis\u00e9e dans le cadre du festival \u00ab Femmes, \u00c9galit\u00e9s, R\u00e9alit\u00e9s \u00bb de la MJC<\/td><\/tr><\/tbody><\/table><\/figure>\n","protected":false},"excerpt":{"rendered":"<p>25 Novembre 2023 Lieu : Place Mont-Blanc &#8211; March\u00e9\u00a0 Heure : 10:30h \u00e0 13:30h&nbsp; En 2022, 147 femmes sont mortes en raison de leur genre.&nbsp; Dans 90% des cas de violences sexuelles, les femmes connaissent leur agresseur.&nbsp; Ces chiffres paraissent fous? Et pourtant ils sont vrais.&nbsp; A l\u2019occasion de la Journ\u00e9e Internationale de lutte contre&hellip;&nbsp;<a href=\"https:\/\/unes-chamonix.com\/index.php\/journee-internationale-de-lutte-contre-les-violences-faites-aux-femmes\/\" class=\"\" rel=\"bookmark\">Read More &raquo;<span class=\"screen-reader-text\">Journ\u00e9e Internationale de lutte contre les violences faites aux femmes<\/span><\/a><\/p>\n","protected":false},"author":1,"featured_media":0,"parent":0,"menu_order":0,"comment_status":"closed","ping_status":"closed","template":"","meta":{"_acf_changed":false,"neve_meta_sidebar":"","neve_meta_container":"","neve_meta_enable_content_width":"","neve_meta_content_width":0,"neve_meta_title_alignment":"","neve_meta_author_avatar":"","neve_post_elements_order":"","neve_meta_disable_header":"","neve_meta_disable_footer":"","neve_meta_disable_title":"","footnotes":""},"class_list":["post-467","page","type-page","status-publish","hentry"],"acf":[],"yoast_head":"<!-- This site is optimized with the Yoast SEO plugin v22.0 - https:\/\/yoast.com\/wordpress\/plugins\/seo\/ -->\n<title>Journ\u00e9e Internationale de lutte contre les violences faites aux femmes - Unes Festival<\/title>\n<meta name=\"robots\" content=\"index, follow, max-snippet:-1, max-image-preview:large, max-video-preview:-1\" \/>\n<link rel=\"canonical\" href=\"https:\/\/unes-chamonix.com\/index.php\/journee-internationale-de-lutte-contre-les-violences-faites-aux-femmes\/\" \/>\n<meta property=\"og:locale\" content=\"en_US\" \/>\n<meta property=\"og:type\" content=\"article\" \/>\n<meta property=\"og:title\" content=\"Journ\u00e9e Internationale de lutte contre les violences faites aux femmes - Unes Festival\" \/>\n<meta property=\"og:description\" content=\"25 Novembre 2023 Lieu : Place Mont-Blanc &#8211; March\u00e9\u00a0 Heure : 10:30h \u00e0 13:30h&nbsp; En 2022, 147 femmes sont mortes en raison de leur genre.&nbsp; Dans 90% des cas de violences sexuelles, les femmes connaissent leur agresseur.&nbsp; Ces chiffres paraissent fous? Et pourtant ils sont vrais.&nbsp; A l\u2019occasion de la Journ\u00e9e Internationale de lutte contre&hellip;&nbsp;Read More &raquo;Journ\u00e9e Internationale de lutte contre les violences faites aux femmes\" \/>\n<meta property=\"og:url\" content=\"https:\/\/unes-chamonix.com\/index.php\/journee-internationale-de-lutte-contre-les-violences-faites-aux-femmes\/\" \/>\n<meta property=\"og:site_name\" content=\"Unes Festival\" \/>\n<meta property=\"article:publisher\" content=\"https:\/\/www.facebook.com\/Unesfestival\" \/>\n<meta property=\"article:modified_time\" content=\"2023-11-17T17:07:32+00:00\" \/>\n<meta name=\"twitter:card\" content=\"summary_large_image\" \/>\n<meta name=\"twitter:label1\" content=\"Est. reading time\" \/>\n\t<meta name=\"twitter:data1\" content=\"1 minute\" \/>\n<script type=\"application\/ld+json\" class=\"yoast-schema-graph\">{\"@context\":\"https:\/\/schema.org\",\"@graph\":[{\"@type\":\"WebPage\",\"@id\":\"https:\/\/unes-chamonix.com\/index.php\/journee-internationale-de-lutte-contre-les-violences-faites-aux-femmes\/\",\"url\":\"https:\/\/unes-chamonix.com\/index.php\/journee-internationale-de-lutte-contre-les-violences-faites-aux-femmes\/\",\"name\":\"Journ\u00e9e Internationale de lutte contre les violences faites aux femmes - Unes Festival\",\"isPartOf\":{\"@id\":\"https:\/\/unes-chamonix.com\/#website\"},\"datePublished\":\"2023-11-17T17:02:21+00:00\",\"dateModified\":\"2023-11-17T17:07:32+00:00\",\"breadcrumb\":{\"@id\":\"https:\/\/unes-chamonix.com\/index.php\/journee-internationale-de-lutte-contre-les-violences-faites-aux-femmes\/#breadcrumb\"},\"inLanguage\":\"en-US\",\"potentialAction\":[{\"@type\":\"ReadAction\",\"target\":[\"https:\/\/unes-chamonix.com\/index.php\/journee-internationale-de-lutte-contre-les-violences-faites-aux-femmes\/\"]}]},{\"@type\":\"BreadcrumbList\",\"@id\":\"https:\/\/unes-chamonix.com\/index.php\/journee-internationale-de-lutte-contre-les-violences-faites-aux-femmes\/#breadcrumb\",\"itemListElement\":[{\"@type\":\"ListItem\",\"position\":1,\"name\":\"Home\",\"item\":\"https:\/\/unes-chamonix.com\/\"},{\"@type\":\"ListItem\",\"position\":2,\"name\":\"Journ\u00e9e Internationale de lutte contre les violences faites aux femmes\"}]},{\"@type\":\"WebSite\",\"@id\":\"https:\/\/unes-chamonix.com\/#website\",\"url\":\"https:\/\/unes-chamonix.com\/\",\"name\":\"unes-chamonix.com\",\"description\":\"Iniatives feministes du zouz collective\",\"publisher\":{\"@id\":\"https:\/\/unes-chamonix.com\/#organization\"},\"potentialAction\":[{\"@type\":\"SearchAction\",\"target\":{\"@type\":\"EntryPoint\",\"urlTemplate\":\"https:\/\/unes-chamonix.com\/?s={search_term_string}\"},\"query-input\":\"required name=search_term_string\"}],\"inLanguage\":\"en-US\"},{\"@type\":\"Organization\",\"@id\":\"https:\/\/unes-chamonix.com\/#organization\",\"name\":\"zouz-collective\",\"url\":\"https:\/\/unes-chamonix.com\/\",\"logo\":{\"@type\":\"ImageObject\",\"inLanguage\":\"en-US\",\"@id\":\"https:\/\/unes-chamonix.com\/#\/schema\/logo\/image\/\",\"url\":\"https:\/\/unes-chamonix.com\/wp-content\/uploads\/2023\/08\/UNES_LOGO1-pdf.jpg\",\"contentUrl\":\"https:\/\/unes-chamonix.com\/wp-content\/uploads\/2023\/08\/UNES_LOGO1-pdf.jpg\",\"width\":889,\"height\":889,\"caption\":\"zouz-collective\"},\"image\":{\"@id\":\"https:\/\/unes-chamonix.com\/#\/schema\/logo\/image\/\"},\"sameAs\":[\"https:\/\/www.facebook.com\/Unesfestival\",\"https:\/\/www.instagram.com\/unes_zouzcollective\/\"]}]}<\/script>\n<!-- \/ Yoast SEO plugin. -->","yoast_head_json":{"title":"Journ\u00e9e Internationale de lutte contre les violences faites aux femmes - Unes Festival","robots":{"index":"index","follow":"follow","max-snippet":"max-snippet:-1","max-image-preview":"max-image-preview:large","max-video-preview":"max-video-preview:-1"},"canonical":"https:\/\/unes-chamonix.com\/index.php\/journee-internationale-de-lutte-contre-les-violences-faites-aux-femmes\/","og_locale":"en_US","og_type":"article","og_title":"Journ\u00e9e Internationale de lutte contre les violences faites aux femmes - Unes Festival","og_description":"25 Novembre 2023 Lieu : Place Mont-Blanc &#8211; March\u00e9\u00a0 Heure : 10:30h \u00e0 13:30h&nbsp; En 2022, 147 femmes sont mortes en raison de leur genre.&nbsp; Dans 90% des cas de violences sexuelles, les femmes connaissent leur agresseur.&nbsp; Ces chiffres paraissent fous? Et pourtant ils sont vrais.&nbsp; A l\u2019occasion de la Journ\u00e9e Internationale de lutte contre&hellip;&nbsp;Read More &raquo;Journ\u00e9e Internationale de lutte contre les violences faites aux femmes","og_url":"https:\/\/unes-chamonix.com\/index.php\/journee-internationale-de-lutte-contre-les-violences-faites-aux-femmes\/","og_site_name":"Unes Festival","article_publisher":"https:\/\/www.facebook.com\/Unesfestival","article_modified_time":"2023-11-17T17:07:32+00:00","twitter_card":"summary_large_image","twitter_misc":{"Est. reading time":"1 minute"},"schema":{"@context":"https:\/\/schema.org","@graph":[{"@type":"WebPage","@id":"https:\/\/unes-chamonix.com\/index.php\/journee-internationale-de-lutte-contre-les-violences-faites-aux-femmes\/","url":"https:\/\/unes-chamonix.com\/index.php\/journee-internationale-de-lutte-contre-les-violences-faites-aux-femmes\/","name":"Journ\u00e9e Internationale de lutte contre les violences faites aux femmes - Unes Festival","isPartOf":{"@id":"https:\/\/unes-chamonix.com\/#website"},"datePublished":"2023-11-17T17:02:21+00:00","dateModified":"2023-11-17T17:07:32+00:00","breadcrumb":{"@id":"https:\/\/unes-chamonix.com\/index.php\/journee-internationale-de-lutte-contre-les-violences-faites-aux-femmes\/#breadcrumb"},"inLanguage":"en-US","potentialAction":[{"@type":"ReadAction","target":["https:\/\/unes-chamonix.com\/index.php\/journee-internationale-de-lutte-contre-les-violences-faites-aux-femmes\/"]}]},{"@type":"BreadcrumbList","@id":"https:\/\/unes-chamonix.com\/index.php\/journee-internationale-de-lutte-contre-les-violences-faites-aux-femmes\/#breadcrumb","itemListElement":[{"@type":"ListItem","position":1,"name":"Home","item":"https:\/\/unes-chamonix.com\/"},{"@type":"ListItem","position":2,"name":"Journ\u00e9e Internationale de lutte contre les violences faites aux femmes"}]},{"@type":"WebSite","@id":"https:\/\/unes-chamonix.com\/#website","url":"https:\/\/unes-chamonix.com\/","name":"unes-chamonix.com","description":"Iniatives feministes du zouz collective","publisher":{"@id":"https:\/\/unes-chamonix.com\/#organization"},"potentialAction":[{"@type":"SearchAction","target":{"@type":"EntryPoint","urlTemplate":"https:\/\/unes-chamonix.com\/?s={search_term_string}"},"query-input":"required name=search_term_string"}],"inLanguage":"en-US"},{"@type":"Organization","@id":"https:\/\/unes-chamonix.com\/#organization","name":"zouz-collective","url":"https:\/\/unes-chamonix.com\/","logo":{"@type":"ImageObject","inLanguage":"en-US","@id":"https:\/\/unes-chamonix.com\/#\/schema\/logo\/image\/","url":"https:\/\/unes-chamonix.com\/wp-content\/uploads\/2023\/08\/UNES_LOGO1-pdf.jpg","contentUrl":"https:\/\/unes-chamonix.com\/wp-content\/uploads\/2023\/08\/UNES_LOGO1-pdf.jpg","width":889,"height":889,"caption":"zouz-collective"},"image":{"@id":"https:\/\/unes-chamonix.com\/#\/schema\/logo\/image\/"},"sameAs":["https:\/\/www.facebook.com\/Unesfestival","https:\/\/www.instagram.com\/unes_zouzcollective\/"]}]}},"_links":{"self":[{"href":"https:\/\/unes-chamonix.com\/index.php\/wp-json\/wp\/v2\/pages\/467","targetHints":{"allow":["GET"]}}],"collection":[{"href":"https:\/\/unes-chamonix.com\/index.php\/wp-json\/wp\/v2\/pages"}],"about":[{"href":"https:\/\/unes-chamonix.com\/index.php\/wp-json\/wp\/v2\/types\/page"}],"author":[{"embeddable":true,"href":"https:\/\/unes-chamonix.com\/index.php\/wp-json\/wp\/v2\/users\/1"}],"replies":[{"embeddable":true,"href":"https:\/\/unes-chamonix.com\/index.php\/wp-json\/wp\/v2\/comments?post=467"}],"version-history":[{"count":4,"href":"https:\/\/unes-chamonix.com\/index.php\/wp-json\/wp\/v2\/pages\/467\/revisions"}],"predecessor-version":[{"id":472,"href":"https:\/\/unes-chamonix.com\/index.php\/wp-json\/wp\/v2\/pages\/467\/revisions\/472"}],"wp:attachment":[{"href":"https:\/\/unes-chamonix.com\/index.php\/wp-json\/wp\/v2\/media?parent=467"}],"curies":[{"name":"wp","href":"https:\/\/api.w.org\/{rel}","templated":true}]}}