{"id":767,"date":"2024-01-10T16:16:14","date_gmt":"2024-01-10T15:16:14","guid":{"rendered":"https:\/\/unes-chamonix.com\/?page_id=767"},"modified":"2025-02-24T10:50:27","modified_gmt":"2025-02-24T09:50:27","slug":"nos-actions","status":"publish","type":"page","link":"https:\/\/unes-chamonix.com\/index.php\/nos-actions\/","title":{"rendered":"Nos actions"},"content":{"rendered":"\n<p><strong><em> <\/em><\/strong><\/p>\n\n\n\n<p class=\"has-nv-dark-bg-color has-text-color has-link-color has-nv-dark-bg-color has-text-color\"><em>Patriarcat partout, justice nulle part. <\/em><\/p>\n\n\n\n<p class=\"has-nv-dark-bg-color has-text-color has-link-color has-nv-dark-bg-color has-text-color\">Nous souhaitons agir aux racines de notre soci\u00e9t\u00e9, en nous engageant sur diff\u00e9rents axes: en \u00e9tant pr\u00e9sentes aux \u00e9v\u00e9nements dans la vall\u00e9e de Chamonix, en menant diff\u00e9rentes action aupres des jeunes, en organisant des soir\u00e9es-d\u00e9bats, en proposant des ateliers de partage de connaissances et savoir faire, en menant des campagnes de pr\u00e9vention, etc&#8230;<\/p>\n\n\n\n<figure class=\"wp-block-pullquote has-text-align-left\"><blockquote><p><strong>Notre mission ? Promouvoir l&#8217;\u00e9galit\u00e9, la diversit\u00e9 et le bien-\u00eatre dans notre communaut\u00e9.<\/strong><\/p><\/blockquote><\/figure>\n\n\n\n<h2 class=\"wp-block-heading\"><\/h2>\n\n\n\n<div class=\"wp-block-media-text is-stacked-on-mobile\"><figure class=\"wp-block-media-text__media\"><img fetchpriority=\"high\" decoding=\"async\" width=\"1006\" height=\"1024\" src=\"http:\/\/unes-chamonix.com\/wp-content\/uploads\/2025\/01\/Screenshot-2025-01-09-at-10.50.17-1006x1024.png\" alt=\"\" class=\"wp-image-1592 size-full\" srcset=\"https:\/\/unes-chamonix.com\/wp-content\/uploads\/2025\/01\/Screenshot-2025-01-09-at-10.50.17-1006x1024.png 1006w, https:\/\/unes-chamonix.com\/wp-content\/uploads\/2025\/01\/Screenshot-2025-01-09-at-10.50.17-295x300.png 295w, https:\/\/unes-chamonix.com\/wp-content\/uploads\/2025\/01\/Screenshot-2025-01-09-at-10.50.17-768x782.png 768w, https:\/\/unes-chamonix.com\/wp-content\/uploads\/2025\/01\/Screenshot-2025-01-09-at-10.50.17.png 1348w\" sizes=\"(max-width: 1006px) 100vw, 1006px\" \/><\/figure><div class=\"wp-block-media-text__content\">\n<h2 class=\"wp-block-heading has-text-align-center\">Cours d&#8217;escalade<\/h2>\n\n\n\n<p class=\"has-medium-font-size\">Initiation \u00e0 l&#8217;escalade avec Elsa <\/p>\n\n\n\n<p>Pour plus d&#8217;information sur les cours d&#8217;escalade, suivez notre page Instagram<\/p>\n<\/div><\/div>\n\n\n\n<hr class=\"wp-block-separator has-alpha-channel-opacity\"\/>\n\n\n\n<div class=\"wp-block-media-text has-media-on-the-right is-stacked-on-mobile\"><div class=\"wp-block-media-text__content\">\n<h2 class=\"wp-block-heading has-text-align-center\">25 novembre 2024<\/h2>\n\n\n\n<p class=\"has-medium-font-size\">Campagne d&#8217;affichage en partenariat avec la Mairie de Chamonix Mont &#8211; Blanc \u00e0 l&#8217;occasion de la Journ\u00e9e Internationale de lutte contres les violences sexistes et sexuelles<\/p>\n<\/div><figure class=\"wp-block-media-text__media\"><img decoding=\"async\" width=\"702\" height=\"974\" src=\"https:\/\/unes-chamonix.com\/wp-content\/uploads\/2024\/11\/Capture-decran-2024-11-24-a-20.02.03.png\" alt=\"\" class=\"wp-image-1548 size-full\" srcset=\"https:\/\/unes-chamonix.com\/wp-content\/uploads\/2024\/11\/Capture-decran-2024-11-24-a-20.02.03.png 702w, https:\/\/unes-chamonix.com\/wp-content\/uploads\/2024\/11\/Capture-decran-2024-11-24-a-20.02.03-216x300.png 216w\" sizes=\"(max-width: 702px) 100vw, 702px\" \/><\/figure><\/div>\n\n\n\n<hr class=\"wp-block-separator has-alpha-channel-opacity\"\/>\n\n\n\n<div class=\"wp-block-media-text is-stacked-on-mobile\"><figure class=\"wp-block-media-text__media\"><img decoding=\"async\" width=\"724\" height=\"1024\" src=\"http:\/\/unes-chamonix.com\/wp-content\/uploads\/2025\/01\/Screenshot-2025-01-08-at-10.29.08-724x1024.png\" alt=\"\" class=\"wp-image-1582 size-full\" srcset=\"https:\/\/unes-chamonix.com\/wp-content\/uploads\/2025\/01\/Screenshot-2025-01-08-at-10.29.08-724x1024.png 724w, https:\/\/unes-chamonix.com\/wp-content\/uploads\/2025\/01\/Screenshot-2025-01-08-at-10.29.08-212x300.png 212w, https:\/\/unes-chamonix.com\/wp-content\/uploads\/2025\/01\/Screenshot-2025-01-08-at-10.29.08-768x1086.png 768w, https:\/\/unes-chamonix.com\/wp-content\/uploads\/2025\/01\/Screenshot-2025-01-08-at-10.29.08.png 948w\" sizes=\"(max-width: 724px) 100vw, 724px\" \/><\/figure><div class=\"wp-block-media-text__content\">\n<h2 class=\"wp-block-heading has-text-align-center\">SORTIE v\u00e9los GIRLS RIDE<\/h2>\n\n\n\n<p class=\"has-medium-font-size\">Sortie v\u00e9lo de route en mixit\u00e9 choisie, en collaboration avec Z\u00e9ro G Chamonix<\/p>\n<\/div><\/div>\n\n\n\n<hr class=\"wp-block-separator has-alpha-channel-opacity\"\/>\n\n\n\n<div class=\"wp-block-media-text has-media-on-the-right is-stacked-on-mobile\"><div class=\"wp-block-media-text__content\">\n<h2 class=\"wp-block-heading has-text-align-center\">Ecoutez notre podcast \u201c Les Amours plus que tout \u201d<\/h2>\n\n\n\n<p class=\"has-medium-font-size\">Un Travail de groupe produit par les lyc\u00e9ens de l&#8217;\u00e9tablissement scolaire Roger Frison Roche \u00e0 Chamonix dans le cadre du Festival UNES<\/p>\n\n\n\n<p class=\"has-medium-font-size\"> Encadrement : Constant LEON, producteur du podcast &#8220;Jouir Podcast&#8221; avec UNES<\/p>\n\n\n\n<div class=\"wp-block-buttons is-layout-flex wp-block-buttons-is-layout-flex\">\n<div class=\"wp-block-button is-style-primary\"><a class=\"wp-block-button__link wp-element-button\" href=\"https:\/\/unes-chamonix.com\/index.php\/ecoutez-notre-podcast-les-amours-plus-que-tout\/\">En savoir plus<\/a><\/div>\n<\/div>\n<\/div><figure class=\"wp-block-media-text__media\"><img loading=\"lazy\" decoding=\"async\" width=\"1024\" height=\"1024\" src=\"http:\/\/unes-chamonix.com\/wp-content\/uploads\/2025\/01\/Gear-Podcast-Hearing-Loss-1279654034-1024x1024.webp\" alt=\"\" class=\"wp-image-1570 size-full\" srcset=\"https:\/\/unes-chamonix.com\/wp-content\/uploads\/2025\/01\/Gear-Podcast-Hearing-Loss-1279654034-1024x1024.webp 1024w, https:\/\/unes-chamonix.com\/wp-content\/uploads\/2025\/01\/Gear-Podcast-Hearing-Loss-1279654034-300x300.webp 300w, https:\/\/unes-chamonix.com\/wp-content\/uploads\/2025\/01\/Gear-Podcast-Hearing-Loss-1279654034-150x150.webp 150w, https:\/\/unes-chamonix.com\/wp-content\/uploads\/2025\/01\/Gear-Podcast-Hearing-Loss-1279654034-768x768.webp 768w, https:\/\/unes-chamonix.com\/wp-content\/uploads\/2025\/01\/Gear-Podcast-Hearing-Loss-1279654034.webp 1362w\" sizes=\"(max-width: 1024px) 100vw, 1024px\" \/><\/figure><\/div>\n\n\n\n<hr class=\"wp-block-separator has-alpha-channel-opacity\"\/>\n\n\n\n<div class=\"wp-block-columns is-layout-flex wp-container-core-columns-is-layout-9d6595d7 wp-block-columns-is-layout-flex\">\n<div class=\"wp-block-column is-layout-flow wp-block-column-is-layout-flow\">\n<figure class=\"wp-block-image size-large\"><img loading=\"lazy\" decoding=\"async\" width=\"726\" height=\"1024\" src=\"https:\/\/unes-chamonix.com\/wp-content\/uploads\/2024\/11\/Capture-decran-2024-11-24-a-20.11.52-726x1024.png\" alt=\"\" class=\"wp-image-1552\" srcset=\"https:\/\/unes-chamonix.com\/wp-content\/uploads\/2024\/11\/Capture-decran-2024-11-24-a-20.11.52-726x1024.png 726w, https:\/\/unes-chamonix.com\/wp-content\/uploads\/2024\/11\/Capture-decran-2024-11-24-a-20.11.52-213x300.png 213w, https:\/\/unes-chamonix.com\/wp-content\/uploads\/2024\/11\/Capture-decran-2024-11-24-a-20.11.52-768x1084.png 768w, https:\/\/unes-chamonix.com\/wp-content\/uploads\/2024\/11\/Capture-decran-2024-11-24-a-20.11.52.png 798w\" sizes=\"(max-width: 726px) 100vw, 726px\" \/><\/figure>\n<\/div>\n\n\n\n<div class=\"wp-block-column is-vertically-aligned-center is-layout-flow wp-block-column-is-layout-flow\">\n<h2 class=\"wp-block-heading has-text-align-center\">Le festival 2024 en quelques chiffres<\/h2>\n<\/div>\n<\/div>\n\n\n\n<hr class=\"wp-block-separator has-alpha-channel-opacity\"\/>\n\n\n\n<div class=\"wp-block-media-text has-media-on-the-right is-stacked-on-mobile\"><div class=\"wp-block-media-text__content\">\n<h2 class=\"wp-block-heading\">25 novembre 2023<\/h2>\n\n\n\n<p class=\"has-medium-font-size\">C\u00e9l\u00e9bration de la Journ\u00e9e internationale de lutte contre les violences sexistes et sexuelles \u00e0 Chamonix Mont-Blanc<\/p>\n\n\n\n<div class=\"wp-block-buttons is-layout-flex wp-block-buttons-is-layout-flex\">\n<div class=\"wp-block-button is-style-primary\"><a class=\"wp-block-button__link wp-element-button\" href=\"https:\/\/unes-chamonix.com\/index.php\/journee-internationale-de-lutte-contre-les-violences-faites-aux-femmes\/\">En savoir plus<\/a><\/div>\n<\/div>\n<\/div><figure class=\"wp-block-media-text__media\"><img loading=\"lazy\" decoding=\"async\" width=\"721\" height=\"1024\" src=\"http:\/\/unes-chamonix.com\/wp-content\/uploads\/2023\/11\/UNES-affiche-25-nov-721x1024.png\" alt=\"\" class=\"wp-image-462 size-full\" srcset=\"https:\/\/unes-chamonix.com\/wp-content\/uploads\/2023\/11\/UNES-affiche-25-nov-721x1024.png 721w, https:\/\/unes-chamonix.com\/wp-content\/uploads\/2023\/11\/UNES-affiche-25-nov-211x300.png 211w, https:\/\/unes-chamonix.com\/wp-content\/uploads\/2023\/11\/UNES-affiche-25-nov-768x1091.png 768w, https:\/\/unes-chamonix.com\/wp-content\/uploads\/2023\/11\/UNES-affiche-25-nov.png 946w\" sizes=\"(max-width: 721px) 100vw, 721px\" \/><\/figure><\/div>\n\n\n\n<hr class=\"wp-block-separator has-alpha-channel-opacity\"\/>\n\n\n\n<div class=\"wp-block-media-text is-stacked-on-mobile\"><figure class=\"wp-block-media-text__media\"><img loading=\"lazy\" decoding=\"async\" width=\"1024\" height=\"724\" src=\"https:\/\/unes-chamonix.com\/wp-content\/uploads\/2024\/02\/2-1-1024x724.png\" alt=\"\" class=\"wp-image-938 size-full\" srcset=\"https:\/\/unes-chamonix.com\/wp-content\/uploads\/2024\/02\/2-1-1024x724.png 1024w, https:\/\/unes-chamonix.com\/wp-content\/uploads\/2024\/02\/2-1-300x212.png 300w, https:\/\/unes-chamonix.com\/wp-content\/uploads\/2024\/02\/2-1-768x543.png 768w, https:\/\/unes-chamonix.com\/wp-content\/uploads\/2024\/02\/2-1-1536x1086.png 1536w, https:\/\/unes-chamonix.com\/wp-content\/uploads\/2024\/02\/2-1.png 2000w\" sizes=\"(max-width: 1024px) 100vw, 1024px\" \/><\/figure><div class=\"wp-block-media-text__content\">\n<h2 class=\"wp-block-heading\">R\u00e9ussites 2023<\/h2>\n<\/div><\/div>\n\n\n\n<hr class=\"wp-block-separator has-alpha-channel-opacity\"\/>\n\n\n\n<div class=\"wp-block-columns alignwide are-vertically-aligned-top is-layout-flex wp-container-core-columns-is-layout-bd0aba32 wp-block-columns-is-layout-flex\">\n<div class=\"wp-block-column is-vertically-aligned-top is-layout-flow wp-block-column-is-layout-flow\"><\/div>\n\n\n\n<div class=\"wp-block-column is-vertically-aligned-top is-layout-flow wp-block-column-is-layout-flow\"><\/div>\n<\/div>\n","protected":false},"excerpt":{"rendered":"<p>Patriarcat partout, justice nulle part. Nous souhaitons agir aux racines de notre soci\u00e9t\u00e9, en nous engageant sur diff\u00e9rents axes: en \u00e9tant pr\u00e9sentes aux \u00e9v\u00e9nements dans la vall\u00e9e de Chamonix, en menant diff\u00e9rentes action aupres des jeunes, en organisant des soir\u00e9es-d\u00e9bats, en proposant des ateliers de partage de connaissances et savoir faire, en menant des campagnes&hellip;&nbsp;<a href=\"https:\/\/unes-chamonix.com\/index.php\/nos-actions\/\" class=\"\" rel=\"bookmark\">Read More &raquo;<span class=\"screen-reader-text\">Nos actions<\/span><\/a><\/p>\n","protected":false},"author":1,"featured_media":0,"parent":0,"menu_order":0,"comment_status":"closed","ping_status":"closed","template":"","meta":{"_acf_changed":false,"neve_meta_sidebar":"","neve_meta_container":"","neve_meta_enable_content_width":"","neve_meta_content_width":0,"neve_meta_title_alignment":"","neve_meta_author_avatar":"","neve_post_elements_order":"","neve_meta_disable_header":"","neve_meta_disable_footer":"","neve_meta_disable_title":"","footnotes":""},"class_list":["post-767","page","type-page","status-publish","hentry"],"acf":[],"yoast_head":"<!-- This site is optimized with the Yoast SEO plugin v22.0 - https:\/\/yoast.com\/wordpress\/plugins\/seo\/ -->\n<title>Nos actions - Unes Festival<\/title>\n<meta name=\"description\" content=\"Journ\u00e9e Internationale de lutte contre les violences faites aux femmes\" \/>\n<meta name=\"robots\" content=\"index, follow, max-snippet:-1, max-image-preview:large, max-video-preview:-1\" \/>\n<link rel=\"canonical\" href=\"http:\/\/unes-chamonix.com\/index.php\/nos-actions\/\" \/>\n<meta property=\"og:locale\" content=\"en_US\" \/>\n<meta property=\"og:type\" content=\"article\" \/>\n<meta property=\"og:title\" content=\"Nos actions - Unes Festival\" \/>\n<meta property=\"og:description\" content=\"Journ\u00e9e Internationale de lutte contre les violences faites aux femmes\" \/>\n<meta property=\"og:url\" content=\"http:\/\/unes-chamonix.com\/index.php\/nos-actions\/\" \/>\n<meta property=\"og:site_name\" content=\"Unes Festival\" \/>\n<meta property=\"article:publisher\" content=\"https:\/\/www.facebook.com\/Unesfestival\" \/>\n<meta property=\"article:modified_time\" content=\"2025-02-24T09:50:27+00:00\" \/>\n<meta property=\"og:image\" content=\"http:\/\/unes-chamonix.com\/wp-content\/uploads\/2025\/01\/Screenshot-2025-01-09-at-10.50.17-1006x1024.png\" \/>\n<meta name=\"twitter:card\" content=\"summary_large_image\" \/>\n<meta name=\"twitter:label1\" content=\"Est. reading time\" \/>\n\t<meta name=\"twitter:data1\" content=\"3 minutes\" \/>\n<script type=\"application\/ld+json\" class=\"yoast-schema-graph\">{\"@context\":\"https:\/\/schema.org\",\"@graph\":[{\"@type\":\"WebPage\",\"@id\":\"http:\/\/unes-chamonix.com\/index.php\/nos-actions\/\",\"url\":\"http:\/\/unes-chamonix.com\/index.php\/nos-actions\/\",\"name\":\"Nos actions - Unes Festival\",\"isPartOf\":{\"@id\":\"https:\/\/unes-chamonix.com\/#website\"},\"datePublished\":\"2024-01-10T15:16:14+00:00\",\"dateModified\":\"2025-02-24T09:50:27+00:00\",\"description\":\"Journ\u00e9e Internationale de lutte contre les violences faites aux femmes\",\"breadcrumb\":{\"@id\":\"http:\/\/unes-chamonix.com\/index.php\/nos-actions\/#breadcrumb\"},\"inLanguage\":\"en-US\",\"potentialAction\":[{\"@type\":\"ReadAction\",\"target\":[\"http:\/\/unes-chamonix.com\/index.php\/nos-actions\/\"]}]},{\"@type\":\"BreadcrumbList\",\"@id\":\"http:\/\/unes-chamonix.com\/index.php\/nos-actions\/#breadcrumb\",\"itemListElement\":[{\"@type\":\"ListItem\",\"position\":1,\"name\":\"Home\",\"item\":\"https:\/\/unes-chamonix.com\/\"},{\"@type\":\"ListItem\",\"position\":2,\"name\":\"Nos actions\"}]},{\"@type\":\"WebSite\",\"@id\":\"https:\/\/unes-chamonix.com\/#website\",\"url\":\"https:\/\/unes-chamonix.com\/\",\"name\":\"unes-chamonix.com\",\"description\":\"Iniatives feministes du zouz collective\",\"publisher\":{\"@id\":\"https:\/\/unes-chamonix.com\/#organization\"},\"potentialAction\":[{\"@type\":\"SearchAction\",\"target\":{\"@type\":\"EntryPoint\",\"urlTemplate\":\"https:\/\/unes-chamonix.com\/?s={search_term_string}\"},\"query-input\":\"required name=search_term_string\"}],\"inLanguage\":\"en-US\"},{\"@type\":\"Organization\",\"@id\":\"https:\/\/unes-chamonix.com\/#organization\",\"name\":\"zouz-collective\",\"url\":\"https:\/\/unes-chamonix.com\/\",\"logo\":{\"@type\":\"ImageObject\",\"inLanguage\":\"en-US\",\"@id\":\"https:\/\/unes-chamonix.com\/#\/schema\/logo\/image\/\",\"url\":\"https:\/\/unes-chamonix.com\/wp-content\/uploads\/2023\/08\/UNES_LOGO1-pdf.jpg\",\"contentUrl\":\"https:\/\/unes-chamonix.com\/wp-content\/uploads\/2023\/08\/UNES_LOGO1-pdf.jpg\",\"width\":889,\"height\":889,\"caption\":\"zouz-collective\"},\"image\":{\"@id\":\"https:\/\/unes-chamonix.com\/#\/schema\/logo\/image\/\"},\"sameAs\":[\"https:\/\/www.facebook.com\/Unesfestival\",\"https:\/\/www.instagram.com\/unes_zouzcollective\/\"]}]}<\/script>\n<!-- \/ Yoast SEO plugin. -->","yoast_head_json":{"title":"Nos actions - Unes Festival","description":"Journ\u00e9e Internationale de lutte contre les violences faites aux femmes","robots":{"index":"index","follow":"follow","max-snippet":"max-snippet:-1","max-image-preview":"max-image-preview:large","max-video-preview":"max-video-preview:-1"},"canonical":"http:\/\/unes-chamonix.com\/index.php\/nos-actions\/","og_locale":"en_US","og_type":"article","og_title":"Nos actions - Unes Festival","og_description":"Journ\u00e9e Internationale de lutte contre les violences faites aux femmes","og_url":"http:\/\/unes-chamonix.com\/index.php\/nos-actions\/","og_site_name":"Unes Festival","article_publisher":"https:\/\/www.facebook.com\/Unesfestival","article_modified_time":"2025-02-24T09:50:27+00:00","og_image":[{"url":"http:\/\/unes-chamonix.com\/wp-content\/uploads\/2025\/01\/Screenshot-2025-01-09-at-10.50.17-1006x1024.png"}],"twitter_card":"summary_large_image","twitter_misc":{"Est. reading time":"3 minutes"},"schema":{"@context":"https:\/\/schema.org","@graph":[{"@type":"WebPage","@id":"http:\/\/unes-chamonix.com\/index.php\/nos-actions\/","url":"http:\/\/unes-chamonix.com\/index.php\/nos-actions\/","name":"Nos actions - Unes Festival","isPartOf":{"@id":"https:\/\/unes-chamonix.com\/#website"},"datePublished":"2024-01-10T15:16:14+00:00","dateModified":"2025-02-24T09:50:27+00:00","description":"Journ\u00e9e Internationale de lutte contre les violences faites aux femmes","breadcrumb":{"@id":"http:\/\/unes-chamonix.com\/index.php\/nos-actions\/#breadcrumb"},"inLanguage":"en-US","potentialAction":[{"@type":"ReadAction","target":["http:\/\/unes-chamonix.com\/index.php\/nos-actions\/"]}]},{"@type":"BreadcrumbList","@id":"http:\/\/unes-chamonix.com\/index.php\/nos-actions\/#breadcrumb","itemListElement":[{"@type":"ListItem","position":1,"name":"Home","item":"https:\/\/unes-chamonix.com\/"},{"@type":"ListItem","position":2,"name":"Nos actions"}]},{"@type":"WebSite","@id":"https:\/\/unes-chamonix.com\/#website","url":"https:\/\/unes-chamonix.com\/","name":"unes-chamonix.com","description":"Iniatives feministes du zouz collective","publisher":{"@id":"https:\/\/unes-chamonix.com\/#organization"},"potentialAction":[{"@type":"SearchAction","target":{"@type":"EntryPoint","urlTemplate":"https:\/\/unes-chamonix.com\/?s={search_term_string}"},"query-input":"required name=search_term_string"}],"inLanguage":"en-US"},{"@type":"Organization","@id":"https:\/\/unes-chamonix.com\/#organization","name":"zouz-collective","url":"https:\/\/unes-chamonix.com\/","logo":{"@type":"ImageObject","inLanguage":"en-US","@id":"https:\/\/unes-chamonix.com\/#\/schema\/logo\/image\/","url":"https:\/\/unes-chamonix.com\/wp-content\/uploads\/2023\/08\/UNES_LOGO1-pdf.jpg","contentUrl":"https:\/\/unes-chamonix.com\/wp-content\/uploads\/2023\/08\/UNES_LOGO1-pdf.jpg","width":889,"height":889,"caption":"zouz-collective"},"image":{"@id":"https:\/\/unes-chamonix.com\/#\/schema\/logo\/image\/"},"sameAs":["https:\/\/www.facebook.com\/Unesfestival","https:\/\/www.instagram.com\/unes_zouzcollective\/"]}]}},"_links":{"self":[{"href":"https:\/\/unes-chamonix.com\/index.php\/wp-json\/wp\/v2\/pages\/767","targetHints":{"allow":["GET"]}}],"collection":[{"href":"https:\/\/unes-chamonix.com\/index.php\/wp-json\/wp\/v2\/pages"}],"about":[{"href":"https:\/\/unes-chamonix.com\/index.php\/wp-json\/wp\/v2\/types\/page"}],"author":[{"embeddable":true,"href":"https:\/\/unes-chamonix.com\/index.php\/wp-json\/wp\/v2\/users\/1"}],"replies":[{"embeddable":true,"href":"https:\/\/unes-chamonix.com\/index.php\/wp-json\/wp\/v2\/comments?post=767"}],"version-history":[{"count":25,"href":"https:\/\/unes-chamonix.com\/index.php\/wp-json\/wp\/v2\/pages\/767\/revisions"}],"predecessor-version":[{"id":1636,"href":"https:\/\/unes-chamonix.com\/index.php\/wp-json\/wp\/v2\/pages\/767\/revisions\/1636"}],"wp:attachment":[{"href":"https:\/\/unes-chamonix.com\/index.php\/wp-json\/wp\/v2\/media?parent=767"}],"curies":[{"name":"wp","href":"https:\/\/api.w.org\/{rel}","templated":true}]}}