{"id":769,"date":"2024-01-10T16:16:14","date_gmt":"2024-01-10T15:16:14","guid":{"rendered":"https:\/\/unes-chamonix.com\/?page_id=769"},"modified":"2026-03-03T19:26:17","modified_gmt":"2026-03-03T18:26:17","slug":"programme-festival-unes-2024","status":"publish","type":"page","link":"https:\/\/unes-chamonix.com\/index.php\/programme-festival-unes-2024\/","title":{"rendered":"Programme festival UNES 2024"},"content":{"rendered":"\n<p><strong>Pour cette troisi\u00e8me \u00e9dition, le Zouz Collective se lance le d\u00e9fi d\u2019\u00e9largir les pistes de r\u00e9flexions. Nous vous avons concoct\u00e9 un programme abordant les sujets de l\u2019identit\u00e9, le consentement, ou encore le rapport de l\u2019humain.e \u00e0 l\u2019environnement raisonnant avec notre engagement solidaire et f\u00e9ministe. Le festival UNES est un espace inclusif o\u00f9 les id\u00e9es peuvent \u00eatre partag\u00e9es, les exp\u00e9riences explor\u00e9es et les liens renforc\u00e9s.<\/strong><\/p>\n\n\n\n<div class=\"wp-block-file\"><a id=\"wp-block-file--media-af9f2b2e-5471-44e5-ac8c-1a1477520624\" href=\"http:\/\/unes-chamonix.com\/wp-content\/uploads\/2024\/03\/UNES-24_PROGR_DIGITAL.pdf\">Programme en PDF<\/a><a href=\"http:\/\/unes-chamonix.com\/wp-content\/uploads\/2024\/03\/UNES-24_PROGR_DIGITAL.pdf\" class=\"wp-block-file__button wp-element-button\" download aria-describedby=\"wp-block-file--media-af9f2b2e-5471-44e5-ac8c-1a1477520624\">Download<\/a><\/div>\n\n\n\n<h2 class=\"wp-block-heading\">Jour 1 &#8211; Mardi <strong>02.04.2024<\/strong><\/h2>\n\n\n\n<h3 class=\"wp-block-heading\"><strong>Echauffement<\/strong><\/h3>\n\n\n\n<figure class=\"wp-block-table\"><table><tbody><tr><td><strong>09h00 &#8211; 13h00<\/strong><\/td><td><strong>Vall\u00e9e Blanche pour toutes<\/strong><\/td><\/tr><tr><td><strong>Aiguille du Midi<\/strong> <\/td><td><strong>avec Johanna Stalnacke et Alexandre Marchesseau \u2014 Guides de Haute Montagne<\/strong><\/td><\/tr><tr><td><strong><a href=\"https:\/\/www.helloasso.com\/associations\/zouz-collective\/evenements\/vallee-blanche-pour-toutes\">Sur inscription<\/a><\/strong><br>ski pass offert<\/td><td><strong>Niveau de ski confirm\u00e9 recommand\u00e9 :<br>capable de skier hors piste, pas de peur du vide, bonne condition physique.<\/strong><\/td><\/tr><\/tbody><\/table><\/figure>\n\n\n\n<figure class=\"wp-block-table\"><table><tbody><tr><td><strong>18h00 &#8211; 19h30<\/strong><\/td><td><strong><strong>Vernissage <em>topo<\/em> &#8211; <em>corps et territoires&nbsp;<\/em><\/strong><\/strong><\/td><\/tr><tr><td><strong>Exposition photo \u00e0 la Libraire Sauvage<\/strong><\/td><td><strong>Avec Romy Aliz\u00e9e, Kim Berguerand, Oona Duroy, Layla Kerley, Charlotte Lindet et Jade Steltzner<\/strong>.<br>Lecture du texte de Romy Aliz\u00e9e<em> Sainte Randonn\u00e9e<\/em><\/td><\/tr><tr><td>Entr\u00e9e libre &#8211; snacks sur place<\/td><td>Exposition jusqu\u2019au 30 avril 2024<\/td><\/tr><\/tbody><\/table><\/figure>\n\n\n\n<figure class=\"wp-block-table\"><table><tbody><tr><td><strong>20h30 &#8211; 22h<\/strong><\/td><td><strong><strong>Orlando, ma biographie politique de Paul B.Preciado (2023) (98mn)<\/strong><\/strong><\/td><\/tr><tr><td><strong>Cin\u00e9ma Vox<\/strong><\/td><td><strong>Suivi d&#8217;un d\u00e9bat avec Elios Levy, acteur du film<\/strong><\/td><\/tr><tr><td>6\u20ac<\/td><td>en <strong>version originale (fran\u00e7ais) sous-titr\u00e9e anglais<\/strong><\/td><\/tr><\/tbody><\/table><\/figure>\n\n\n\n<h2 class=\"wp-block-heading\">Jour 2 &#8211; Mercredi <strong><strong>03.04.2024<\/strong><\/strong><\/h2>\n\n\n\n<h3 class=\"wp-block-heading\"><strong><strong>Sans contrefa\u00e7on, je suis<\/strong><\/strong><\/h3>\n\n\n\n<figure class=\"wp-block-table\"><table><tbody><tr><td><strong>10h00 &#8211; 12h00<\/strong><\/td><td><strong>Acroyoga &#8211; Initiation \u00e0 l&#8217;acroyoga et partage sur les dynamiques de pouvoir dans le sport<\/strong><\/td><\/tr><tr><td><strong>Gare des Glaciers &#8211; MJC Chamonix<\/strong><\/td><td><strong>Par Fr\u00e9d\u00e9rique Conte &#8211; Collectif Acroyoga en question<\/strong><\/td><\/tr><tr><td><strong><a href=\"https:\/\/www.helloasso.com\/associations\/zouz-collective\/evenements\/acroyoga\">Sur inscription <\/a><\/strong><\/td><td><\/td><\/tr><\/tbody><\/table><\/figure>\n\n\n\n<figure class=\"wp-block-table\"><table><tbody><tr><td><strong>13h00 &#8211; 14h00<\/strong><\/td><td><strong><strong>Gouille g\u00e9n\u00e9rale<\/strong><\/strong><\/td><\/tr><tr><td><strong>Gaillands<\/strong><\/td><td><strong>Bapt\u00eame d\u2019eau froide dans le petit lac des Gaillands<br>guid\u00e9e par Iris et Clio<\/strong> <br>DEPLACE a SAMEDI POUR CAUSE DE METEO<\/td><\/tr><tr><td><strong><a href=\"https:\/\/www.helloasso.com\/associations\/zouz-collective\/evenements\/gouille-generale-mercredi-3-avril-2024\">Sur inscription<\/a><\/strong><br><\/td><td><\/td><\/tr><\/tbody><\/table><\/figure>\n\n\n\n<figure class=\"wp-block-table\"><table><tbody><tr><td><strong>16h-17h30<\/strong><\/td><td><strong><strong><strong>Atelier th\u00e9\u00e2tre pour enfants &#8211; 6 \u00e0 12 ans<\/strong><\/strong><\/strong><\/td><\/tr><tr><td><strong>Gare des Glaciers &#8211; MJC Chamonix<\/strong><\/td><td><strong>Avec Charlotte Audebram\/ Compagnie Les Petites Ailes<\/strong><\/td><\/tr><tr><td><strong><a href=\"https:\/\/www.helloasso.com\/associations\/zouz-collective\/evenements\/atelier-de-theatre-pour-les-enfants-de-6-a-11-ans\">Sur inscription <\/a><\/strong><\/td><td><\/td><\/tr><\/tbody><\/table><\/figure>\n\n\n\n<figure class=\"wp-block-table\"><table><tbody><tr><td><strong>18h &#8211; 19h30<\/strong><\/td><td><strong>Conf\u00e9rence : Quand le genre nous \u00e9chappe. De Beauvoir aux th\u00e9ories queer<\/strong><\/td><\/tr><tr><td><strong>Maison des Artistes<\/strong><\/td><td><strong>Avec Flora Passard, Docteur en sociologie<\/strong><\/td><\/tr><\/tbody><\/table><\/figure>\n\n\n\n<figure class=\"wp-block-table\"><table><tbody><tr><td><strong>20h30 &#8211; 21h30<\/strong><\/td><td><strong><strong><strong><strong>Queerz<\/strong><\/strong><\/strong><\/strong><\/td><\/tr><tr><td><strong>Maison des Artistes<\/strong><\/td><td><strong>Avec Caf\u00e9 Qu74, Association LGBTQIA+ de la vall\u00e9e de Mont Blanc<\/strong><\/td><\/tr><\/tbody><\/table><\/figure>\n\n\n\n<figure class=\"wp-block-table\"><table><tbody><tr><td><strong>21h30 &#8211; 22h30<\/strong><\/td><td><strong><strong><strong><strong><strong>ICI Modesta<\/strong><\/strong><\/strong><\/strong><\/strong><\/td><\/tr><tr><td><strong>Maison des Artistes<\/strong><\/td><td>A travers un univers musical m\u00e9lancolique et vaporeux, ICI Modesta d\u00e9peint le monde qui l\u2019entoure et l\u2019ambivalence \u00e9motionnelle li\u00e9e au sentiment de r\u00e9volte.<\/td><\/tr><\/tbody><\/table><\/figure>\n\n\n\n<figure class=\"wp-block-table\"><table><tbody><tr><td><strong>22h30 &#8211; 01h00<\/strong><\/td><td><strong><strong><strong><strong><strong><strong>DJ SET &#8211; Gouine du Disco<\/strong><\/strong><\/strong><\/strong><\/strong><\/strong><\/td><\/tr><tr><td><strong>Maison des Artistes<\/strong><\/td><td>Disco, HiNRG, italo, acid, house<\/td><\/tr><\/tbody><\/table><\/figure>\n\n\n\n<h2 class=\"wp-block-heading\"><strong>Jour 3 \u2013 Jeudi 4 Avril 202<\/strong>4<\/h2>\n\n\n\n<h3 class=\"wp-block-heading\"><strong>Nos alli\u00e9s les hommes<\/strong><\/h3>\n\n\n\n<figure class=\"wp-block-table\"><table><tbody><tr><td><\/td><td><em>Le matin, diffusion du podcast enregistr\u00e9 avec les lyc\u00e9ens du Coll\u00e8ge-Lyc\u00e9e Frison Roche, r\u00e9alis\u00e9 par Constant L\u00e9on &#8211; Journaliste et fondateur de Jouir Podcast, sur Globule RADIO.<\/em><\/td><\/tr><\/tbody><\/table><\/figure>\n\n\n\n<figure class=\"wp-block-table\"><table><tbody><tr><td><strong>11h-12h30<\/strong><\/td><td><strong><strong>Atelier Qi Gong &#8211; Consentir ou ne pas consentir?<\/strong><\/strong><\/td><\/tr><tr><td><strong>Plan B<\/strong><\/td><td><strong>Avec Emmanuelle Saviot de SOUFFLE et M\u00e9t\u00c2MORph&#8217;OSE&nbsp;<\/strong><\/td><\/tr><tr><td><strong><a href=\"https:\/\/www.helloasso.com\/associations\/zouz-collective\/evenements\/qi-qong-jeudi-4-avril-2024\">Sur inscription <\/a><\/strong>\/ prix libre<\/td><td><\/td><\/tr><\/tbody><\/table><\/figure>\n\n\n\n<figure class=\"wp-block-table\"><table><tbody><tr><td><strong>12h30-14h<\/strong><\/td><td><strong><strong><strong>Atelier d\u2019\u00e9criture cr\u00e9ative et f\u00e9ministe<\/strong><\/strong><\/strong><\/td><\/tr><tr><td><strong>Librairie Landru<\/strong><\/td><td><strong>Avec Charl\u00e8ne Dambreville, libraire<\/strong><\/td><\/tr><tr><td><strong><a href=\"https:\/\/www.helloasso.com\/associations\/zouz-collective\/evenements\/atelier-d-ecriture-creative-et-feministe-jeudi-4-avril-2024\">Sur inscription <\/a><\/strong>\/ prix libre<\/td><td><\/td><\/tr><\/tbody><\/table><\/figure>\n\n\n\n<figure class=\"wp-block-table\"><table><tbody><tr><td><strong><strong>18h &#8211; 20h00&nbsp;<\/strong><\/strong><\/td><td><strong><strong><strong>Table-ronde : Quelle place pour les hommes dans les mouvements f\u00e9ministes?<\/strong><\/strong><\/strong><\/td><\/tr><tr><td><strong>Plan B<\/strong><\/td><td><strong>Avec No\u00eblla Bugni Dubois, cr\u00e9atrice de @Nos alli\u00e9s les hommes<\/strong><\/td><\/tr><tr><td>Entr\u00e9e libre<\/td><td><\/td><\/tr><\/tbody><\/table><\/figure>\n\n\n\n<figure class=\"wp-block-table\"><table><tbody><tr><td><strong><strong>20h00 &#8211; 21h00&nbsp;<\/strong><\/strong><\/td><td><strong><strong><strong><strong>Cercle d\u2019\u00e9coute pour les hommes <\/strong><\/strong><\/strong><\/strong><\/td><\/tr><tr><td><strong>Plan B<\/strong><\/td><td><strong>Avec No\u00eblla Bugni Dubois, cr\u00e9atrice de @Nos alli\u00e9s les hommes<\/strong><\/td><\/tr><tr><td><strong><a href=\"https:\/\/www.helloasso.com\/associations\/zouz-collective\/evenements\/cercle-d-ecoute-pour-les-hommes-jeudi-4-avril-2024\">Sur inscription <\/a><\/strong>\/ prix libre<\/td><td><\/td><\/tr><\/tbody><\/table><\/figure>\n\n\n\n<h2 class=\"wp-block-heading\"><strong>Jour 4 \u2013 Vendredi 5 Avril 202<\/strong>4<\/h2>\n\n\n\n<h3 class=\"wp-block-heading\"><strong>Terrien.e.s<\/strong><\/h3>\n\n\n\n<figure class=\"wp-block-table\"><table><tbody><tr><td><strong><strong>11h-12h30<\/strong><\/strong><\/td><td><strong><strong><strong><strong><strong>ChamoniXX &#8211; Visite guid\u00e9e au f\u00e9minin&nbsp;<\/strong><\/strong><\/strong><\/strong><\/strong><\/td><\/tr><tr><td><strong>TBD<\/strong><\/td><td><strong>Les femmes qui font histoire<br>D\u00e9ambulation dans les rues de Chamonix<\/strong><\/td><\/tr><tr><td><strong><a href=\"https:\/\/www.helloasso.com\/associations\/zouz-collective\/evenements\/visite-guidee-de-chamonix-au-feminin-vendredi-5-avril-2024\">Sur inscription <\/a><\/strong><\/td><td>en fran\u00e7ais et anglais<\/td><\/tr><\/tbody><\/table><\/figure>\n\n\n\n<figure class=\"wp-block-table\"><table><tbody><tr><td><strong><strong>14h-17h00<\/strong><\/strong><\/td><td><strong><strong><strong><strong><strong><strong>Earthlings &#8211; Atelier c\u00e9ramique totem<\/strong>&nbsp;<\/strong><\/strong><\/strong><\/strong><\/strong><\/td><\/tr><tr><td><strong>Aux Praz<\/strong><\/td><td><strong>Avec Jacqueline Forte<\/strong><\/td><\/tr><tr><td><strong><a href=\"https:\/\/www.helloasso.com\/associations\/zouz-collective\/evenements\/atelier-ceramique-totem-vendredi-5-avril-2024\">Sur inscription <\/a><\/strong>\/ 50 euros<\/td><td>en fran\u00e7ais, anglais et espagnol<\/td><\/tr><\/tbody><\/table><\/figure>\n\n\n\n<figure class=\"wp-block-table\"><table><tbody><tr><td><strong>15h \u00e0 16h et 17h \u00e0 18h &#8211; 2 sessions<\/strong><\/td><td><strong><strong><strong><strong><strong><strong><strong>Ko\u2019Terra &#8211; Empreinte du lien&nbsp;<\/strong><\/strong><\/strong><\/strong><\/strong><\/strong><\/strong><\/td><\/tr><tr><td><strong>Parking de l&#8217;Arveryron<\/strong><\/td><td><strong>Exp\u00e9rience sensorielle et comestible pour faire raisonner le corps et le territoire<br>avec Perrine Bettin et Capucine Brice &#8211; Ekow Studio<\/strong><\/td><\/tr><tr><td><strong>Sur inscription <\/strong><br><a href=\"https:\/\/www.helloasso.com\/associations\/zouz-collective\/evenements\/ko-terra-session-1-vendredi-5-avril-2024\">Session 1<\/a><br><a href=\"https:\/\/www.helloasso.com\/associations\/zouz-collective\/evenements\/ko-terra-session-2-vendredi-5-avril-2024\">Session 2<\/a><\/td><td><\/td><\/tr><\/tbody><\/table><\/figure>\n\n\n\n<figure class=\"wp-block-table\"><table><tbody><tr><td><strong>18h30- 20h<\/strong><\/td><td><strong><strong><strong><strong><strong><strong><strong><strong>Table ronde &#8211; La terre des femmes<\/strong><\/strong><\/strong><\/strong><\/strong><\/strong><\/strong><\/strong><\/td><\/tr><tr><td><strong>H\u00f4tel les Cosmiques<\/strong><\/td><td><strong>Avec Melissa Banon (Ferme de Vallorcine), Chiara Benincasa (vigneronne de Martigny), Claire Cachat (Parc de Merlet), et Virginia Markus (Asso Coexister, CH).&nbsp;<br>Femmes \u00e9leveuses, mara\u00eech\u00e8res, vigneronnes et g\u00e9rantes de sanctuaire pour animaux de la vall\u00e9e de Chamonix et du Valais.<\/strong><\/td><\/tr><tr><td><\/td><td>D\u00e9gustation des produits de leur travail<\/td><\/tr><\/tbody><\/table><\/figure>\n\n\n\n<h2 class=\"wp-block-heading\"><strong>Jour 5 \u2013 Samedi 6 Avril 202<\/strong>4<\/h2>\n\n\n\n<h3 class=\"wp-block-heading\"><strong>Chamonix is burning!<\/strong><\/h3>\n\n\n\n<figure class=\"wp-block-table\"><table><tbody><tr><td><strong><strong>11h-11h30<\/strong><\/strong><\/td><td><strong>Flash Mob &#8211; Do You Believe in Equal Rights?<\/strong><\/td><\/tr><tr><td><strong>Place du Mont Blanc<\/strong><\/td><td><strong>avec&nbsp;Romaine<\/strong> &nbsp;<strong>Cochet<br>Association Ballando<\/strong><\/td><\/tr><tr><td>ouvert \u00e0 tous.tes<\/td><td><\/td><\/tr><\/tbody><\/table><\/figure>\n\n\n\n<figure class=\"wp-block-table\"><table><tbody><tr><td><strong><strong>14h-16h00<\/strong><\/strong><\/td><td><strong>Atelier improvisation th\u00e9\u00e2trale pour adultes<\/strong><\/td><\/tr><tr><td><strong>TBD<\/strong><\/td><td><strong>Avec Charlotte Audebram\/Compagnie Les Petites Ailes ( \u00e0 partir de 15 ans)<\/strong><\/td><\/tr><tr><td><strong><a href=\"https:\/\/www.helloasso.com\/associations\/zouz-collective\/evenements\/atelier-d-impro-theatre-pour-ado-adultes-a-partir-de-16-ans\">Sur inscription<\/a><\/strong><\/td><td><\/td><\/tr><\/tbody><\/table><\/figure>\n\n\n\n<figure class=\"wp-block-table\"><table><tbody><tr><td><br><strong><strong>16h-19h00<\/strong><\/strong><\/td><td><strong><strong>Minimarket des cr\u00e9atrices<\/strong><\/strong><\/td><\/tr><tr><td><strong>Maison des Artistes<\/strong><\/td><td><strong>Nos femmes ont du talent : cr\u00e9atrices, artisanat et cuisine locale.<\/strong><\/td><\/tr><tr><td><\/td><td>Lecture des textes de l\u2019atelier \u00e9criture&nbsp;<br>Restauration sur place<\/td><\/tr><\/tbody><\/table><\/figure>\n\n\n\n<figure class=\"wp-block-table\"><table><tbody><tr><td><strong><strong>18h-19h00<\/strong><\/strong><\/td><td><strong><strong><strong>Projection des films \u201cObjectif Verdon\u201d et \u201cLittle Pigs in Armenia\u201d&nbsp;<\/strong><\/strong><\/strong><\/td><\/tr><tr><td><strong>Maison des Artistes<\/strong><\/td><td>Discussion avec Louisa Moreau de Protect Our Winters (POW)<\/td><\/tr><\/tbody><\/table><\/figure>\n\n\n\n<figure class=\"wp-block-table\"><table><tbody><tr><td><strong><strong>19h &#8211; 02h<\/strong><\/strong><\/td><td><strong>Soir\u00e9e de Cloture<\/strong><\/td><\/tr><tr><td><strong>Maison des Artistes<\/strong><\/td><td>19h &#8211; <strong>Tombola<\/strong><br>20h &#8211; <strong>Louisa Donna<\/strong><br>20h45 &#8211; <strong>Drag Show<\/strong> <strong><strong>&#8211; House of Morning Star<\/strong><\/strong><br>22h30 &#8211; <strong>DJ set by Oona and Akastella<\/strong><br><\/td><\/tr><\/tbody><\/table><\/figure>\n\n\n\n<h2 class=\"wp-block-heading\"><strong>Jour 6 \u2013 Dimanche 7 Avril 202<\/strong>4<\/h2>\n\n\n\n<figure class=\"wp-block-table\"><table><tbody><tr><td><strong><strong>17h &#8211; 18h30<\/strong><\/strong><\/td><td><strong><strong>How to Have Sex de <\/strong><a href=\"https:\/\/www.google.com\/search?sca_esv=60df094e8c3a7fc5&amp;sxsrf=ACQVn0_-yBIaXsnSz0GDn9z7wiydJJ1SNA:1708011852888&amp;q=Molly+Manning+Walker&amp;si=AKbGX_rO4P19IF_yO85wYpkEaz-W_oZWd5JUOOVnUVftf2aeoZYVSHBBX6ZQJ_b6_NyynNyZuuPK0Oo3PYHVIv_-Qts1sgapywA4W_mlYvUDMj22H5YUFdUnTakNaiTpWEe_gdmQHBLDnYU3ijRv_e39HQMu0-nUUDI-w6Yx3Zlw-Lgql9VZcWSGfIobtBTGl5RWz3ZmVIbMtLyD0zozUHrqBACnt_9XlGV8D2rTqVuqwjJt-b_i-DY%3D&amp;sa=X&amp;ved=2ahUKEwiBtY3-162EAxWz3AIHHeHEDcIQmxMoAHoECCEQAg\"><strong>Molly Manning Walker<\/strong><\/a><strong> (2023) &#8211; 91min<\/strong><\/strong><\/td><\/tr><tr><td><strong>Cin\u00e9ma Vox<\/strong><\/td><td><strong>en <strong>version originale (ANGLAIS) sous-titr\u00e9e fran\u00e7ais<\/strong><\/strong><\/td><\/tr><tr><td>6 euros<\/td><td><\/td><\/tr><\/tbody><\/table><\/figure>\n\n\n\n\n\n\n\n<p><\/p>\n","protected":false},"excerpt":{"rendered":"<p>Pour cette troisi\u00e8me \u00e9dition, le Zouz Collective se lance le d\u00e9fi d\u2019\u00e9largir les pistes de r\u00e9flexions. Nous vous avons concoct\u00e9 un programme abordant les sujets de l\u2019identit\u00e9, le consentement, ou encore le rapport de l\u2019humain.e \u00e0 l\u2019environnement raisonnant avec notre engagement solidaire et f\u00e9ministe. Le festival UNES est un espace inclusif o\u00f9 les id\u00e9es peuvent&hellip;&nbsp;<a href=\"https:\/\/unes-chamonix.com\/index.php\/programme-festival-unes-2024\/\" class=\"\" rel=\"bookmark\">Read More &raquo;<span class=\"screen-reader-text\">Programme festival UNES 2024<\/span><\/a><\/p>\n","protected":false},"author":1,"featured_media":0,"parent":0,"menu_order":0,"comment_status":"closed","ping_status":"closed","template":"","meta":{"_acf_changed":false,"neve_meta_sidebar":"","neve_meta_container":"","neve_meta_enable_content_width":"","neve_meta_content_width":0,"neve_meta_title_alignment":"","neve_meta_author_avatar":"","neve_post_elements_order":"","neve_meta_disable_header":"","neve_meta_disable_footer":"","neve_meta_disable_title":"","footnotes":""},"class_list":["post-769","page","type-page","status-publish","hentry"],"acf":[],"yoast_head":"<!-- This site is optimized with the Yoast SEO plugin v22.0 - https:\/\/yoast.com\/wordpress\/plugins\/seo\/ -->\n<title>Programme festival UNES 2024 - Unes Festival<\/title>\n<meta name=\"robots\" content=\"index, follow, max-snippet:-1, max-image-preview:large, max-video-preview:-1\" \/>\n<link rel=\"canonical\" href=\"https:\/\/unes-chamonix.com\/index.php\/programme-festival-unes-2024\/\" \/>\n<meta property=\"og:locale\" content=\"en_US\" \/>\n<meta property=\"og:type\" content=\"article\" \/>\n<meta property=\"og:title\" content=\"Programme festival UNES 2024 - Unes Festival\" \/>\n<meta property=\"og:description\" content=\"Pour cette troisi\u00e8me \u00e9dition, le Zouz Collective se lance le d\u00e9fi d\u2019\u00e9largir les pistes de r\u00e9flexions. Nous vous avons concoct\u00e9 un programme abordant les sujets de l\u2019identit\u00e9, le consentement, ou encore le rapport de l\u2019humain.e \u00e0 l\u2019environnement raisonnant avec notre engagement solidaire et f\u00e9ministe. Le festival UNES est un espace inclusif o\u00f9 les id\u00e9es peuvent&hellip;&nbsp;Read More &raquo;Programme festival UNES 2024\" \/>\n<meta property=\"og:url\" content=\"https:\/\/unes-chamonix.com\/index.php\/programme-festival-unes-2024\/\" \/>\n<meta property=\"og:site_name\" content=\"Unes Festival\" \/>\n<meta property=\"article:publisher\" content=\"https:\/\/www.facebook.com\/Unesfestival\" \/>\n<meta property=\"article:modified_time\" content=\"2026-03-03T18:26:17+00:00\" \/>\n<meta name=\"twitter:card\" content=\"summary_large_image\" \/>\n<meta name=\"twitter:label1\" content=\"Est. reading time\" \/>\n\t<meta name=\"twitter:data1\" content=\"4 minutes\" \/>\n<script type=\"application\/ld+json\" class=\"yoast-schema-graph\">{\"@context\":\"https:\/\/schema.org\",\"@graph\":[{\"@type\":\"WebPage\",\"@id\":\"https:\/\/unes-chamonix.com\/index.php\/programme-festival-unes-2024\/\",\"url\":\"https:\/\/unes-chamonix.com\/index.php\/programme-festival-unes-2024\/\",\"name\":\"Programme festival UNES 2024 - Unes Festival\",\"isPartOf\":{\"@id\":\"https:\/\/unes-chamonix.com\/#website\"},\"datePublished\":\"2024-01-10T15:16:14+00:00\",\"dateModified\":\"2026-03-03T18:26:17+00:00\",\"breadcrumb\":{\"@id\":\"https:\/\/unes-chamonix.com\/index.php\/programme-festival-unes-2024\/#breadcrumb\"},\"inLanguage\":\"en-US\",\"potentialAction\":[{\"@type\":\"ReadAction\",\"target\":[\"https:\/\/unes-chamonix.com\/index.php\/programme-festival-unes-2024\/\"]}]},{\"@type\":\"BreadcrumbList\",\"@id\":\"https:\/\/unes-chamonix.com\/index.php\/programme-festival-unes-2024\/#breadcrumb\",\"itemListElement\":[{\"@type\":\"ListItem\",\"position\":1,\"name\":\"Home\",\"item\":\"https:\/\/unes-chamonix.com\/\"},{\"@type\":\"ListItem\",\"position\":2,\"name\":\"Programme festival UNES 2024\"}]},{\"@type\":\"WebSite\",\"@id\":\"https:\/\/unes-chamonix.com\/#website\",\"url\":\"https:\/\/unes-chamonix.com\/\",\"name\":\"unes-chamonix.com\",\"description\":\"Iniatives feministes du zouz collective\",\"publisher\":{\"@id\":\"https:\/\/unes-chamonix.com\/#organization\"},\"potentialAction\":[{\"@type\":\"SearchAction\",\"target\":{\"@type\":\"EntryPoint\",\"urlTemplate\":\"https:\/\/unes-chamonix.com\/?s={search_term_string}\"},\"query-input\":\"required name=search_term_string\"}],\"inLanguage\":\"en-US\"},{\"@type\":\"Organization\",\"@id\":\"https:\/\/unes-chamonix.com\/#organization\",\"name\":\"zouz-collective\",\"url\":\"https:\/\/unes-chamonix.com\/\",\"logo\":{\"@type\":\"ImageObject\",\"inLanguage\":\"en-US\",\"@id\":\"https:\/\/unes-chamonix.com\/#\/schema\/logo\/image\/\",\"url\":\"https:\/\/unes-chamonix.com\/wp-content\/uploads\/2023\/08\/UNES_LOGO1-pdf.jpg\",\"contentUrl\":\"https:\/\/unes-chamonix.com\/wp-content\/uploads\/2023\/08\/UNES_LOGO1-pdf.jpg\",\"width\":889,\"height\":889,\"caption\":\"zouz-collective\"},\"image\":{\"@id\":\"https:\/\/unes-chamonix.com\/#\/schema\/logo\/image\/\"},\"sameAs\":[\"https:\/\/www.facebook.com\/Unesfestival\",\"https:\/\/www.instagram.com\/unes_zouzcollective\/\"]}]}<\/script>\n<!-- \/ Yoast SEO plugin. -->","yoast_head_json":{"title":"Programme festival UNES 2024 - Unes Festival","robots":{"index":"index","follow":"follow","max-snippet":"max-snippet:-1","max-image-preview":"max-image-preview:large","max-video-preview":"max-video-preview:-1"},"canonical":"https:\/\/unes-chamonix.com\/index.php\/programme-festival-unes-2024\/","og_locale":"en_US","og_type":"article","og_title":"Programme festival UNES 2024 - Unes Festival","og_description":"Pour cette troisi\u00e8me \u00e9dition, le Zouz Collective se lance le d\u00e9fi d\u2019\u00e9largir les pistes de r\u00e9flexions. Nous vous avons concoct\u00e9 un programme abordant les sujets de l\u2019identit\u00e9, le consentement, ou encore le rapport de l\u2019humain.e \u00e0 l\u2019environnement raisonnant avec notre engagement solidaire et f\u00e9ministe. Le festival UNES est un espace inclusif o\u00f9 les id\u00e9es peuvent&hellip;&nbsp;Read More &raquo;Programme festival UNES 2024","og_url":"https:\/\/unes-chamonix.com\/index.php\/programme-festival-unes-2024\/","og_site_name":"Unes Festival","article_publisher":"https:\/\/www.facebook.com\/Unesfestival","article_modified_time":"2026-03-03T18:26:17+00:00","twitter_card":"summary_large_image","twitter_misc":{"Est. reading time":"4 minutes"},"schema":{"@context":"https:\/\/schema.org","@graph":[{"@type":"WebPage","@id":"https:\/\/unes-chamonix.com\/index.php\/programme-festival-unes-2024\/","url":"https:\/\/unes-chamonix.com\/index.php\/programme-festival-unes-2024\/","name":"Programme festival UNES 2024 - Unes Festival","isPartOf":{"@id":"https:\/\/unes-chamonix.com\/#website"},"datePublished":"2024-01-10T15:16:14+00:00","dateModified":"2026-03-03T18:26:17+00:00","breadcrumb":{"@id":"https:\/\/unes-chamonix.com\/index.php\/programme-festival-unes-2024\/#breadcrumb"},"inLanguage":"en-US","potentialAction":[{"@type":"ReadAction","target":["https:\/\/unes-chamonix.com\/index.php\/programme-festival-unes-2024\/"]}]},{"@type":"BreadcrumbList","@id":"https:\/\/unes-chamonix.com\/index.php\/programme-festival-unes-2024\/#breadcrumb","itemListElement":[{"@type":"ListItem","position":1,"name":"Home","item":"https:\/\/unes-chamonix.com\/"},{"@type":"ListItem","position":2,"name":"Programme festival UNES 2024"}]},{"@type":"WebSite","@id":"https:\/\/unes-chamonix.com\/#website","url":"https:\/\/unes-chamonix.com\/","name":"unes-chamonix.com","description":"Iniatives feministes du zouz collective","publisher":{"@id":"https:\/\/unes-chamonix.com\/#organization"},"potentialAction":[{"@type":"SearchAction","target":{"@type":"EntryPoint","urlTemplate":"https:\/\/unes-chamonix.com\/?s={search_term_string}"},"query-input":"required name=search_term_string"}],"inLanguage":"en-US"},{"@type":"Organization","@id":"https:\/\/unes-chamonix.com\/#organization","name":"zouz-collective","url":"https:\/\/unes-chamonix.com\/","logo":{"@type":"ImageObject","inLanguage":"en-US","@id":"https:\/\/unes-chamonix.com\/#\/schema\/logo\/image\/","url":"https:\/\/unes-chamonix.com\/wp-content\/uploads\/2023\/08\/UNES_LOGO1-pdf.jpg","contentUrl":"https:\/\/unes-chamonix.com\/wp-content\/uploads\/2023\/08\/UNES_LOGO1-pdf.jpg","width":889,"height":889,"caption":"zouz-collective"},"image":{"@id":"https:\/\/unes-chamonix.com\/#\/schema\/logo\/image\/"},"sameAs":["https:\/\/www.facebook.com\/Unesfestival","https:\/\/www.instagram.com\/unes_zouzcollective\/"]}]}},"_links":{"self":[{"href":"https:\/\/unes-chamonix.com\/index.php\/wp-json\/wp\/v2\/pages\/769","targetHints":{"allow":["GET"]}}],"collection":[{"href":"https:\/\/unes-chamonix.com\/index.php\/wp-json\/wp\/v2\/pages"}],"about":[{"href":"https:\/\/unes-chamonix.com\/index.php\/wp-json\/wp\/v2\/types\/page"}],"author":[{"embeddable":true,"href":"https:\/\/unes-chamonix.com\/index.php\/wp-json\/wp\/v2\/users\/1"}],"replies":[{"embeddable":true,"href":"https:\/\/unes-chamonix.com\/index.php\/wp-json\/wp\/v2\/comments?post=769"}],"version-history":[{"count":61,"href":"https:\/\/unes-chamonix.com\/index.php\/wp-json\/wp\/v2\/pages\/769\/revisions"}],"predecessor-version":[{"id":1496,"href":"https:\/\/unes-chamonix.com\/index.php\/wp-json\/wp\/v2\/pages\/769\/revisions\/1496"}],"wp:attachment":[{"href":"https:\/\/unes-chamonix.com\/index.php\/wp-json\/wp\/v2\/media?parent=769"}],"curies":[{"name":"wp","href":"https:\/\/api.w.org\/{rel}","templated":true}]}}