{"id":772,"date":"2024-01-10T16:16:14","date_gmt":"2024-01-10T15:16:14","guid":{"rendered":"https:\/\/unes-chamonix.com\/?page_id=772"},"modified":"2024-03-12T21:00:36","modified_gmt":"2024-03-12T20:00:36","slug":"liens-utiles","status":"publish","type":"page","link":"https:\/\/unes-chamonix.com\/index.php\/liens-utiles\/","title":{"rendered":"numeros utiles"},"content":{"rendered":"\n<h2 class=\"wp-block-heading\"><strong><a href=\"tel:3919\">3919<\/a> <\/strong>&#8211; Num\u00e9ro d\u2019\u00e9coute national pour les femmes victimes de violences<br>Ligne ouverte du lundi au samedi de 9h \u00e0 19h<\/h2>\n\n\n\n<h2 class=\"wp-block-heading\"><strong><a href=\"tel:0800081111\">0800 08 11 11<\/a><\/strong> &#8211; IVG et contraception &#8211; Num\u00e9ro d\u2019appel anonyme et gratuit <br>Ligne ouverte du lundi au samedi, de 9h \u00e0 20h<\/h2>\n\n\n\n<h2 class=\"wp-block-heading\">Pour tout cas de danger grave et imm\u00e9diat, avec n\u00e9cessit\u00e9 d\u2019une intervention sur place des forces de l\u2019ordre: <strong>Faites le <a href=\"tel:17\">17<\/a> ou envoyez un sms au <a href=\"tel:114\">114<\/a><\/strong> <\/h2>\n","protected":false},"excerpt":{"rendered":"<p>3919 &#8211; Num\u00e9ro d\u2019\u00e9coute national pour les femmes victimes de violencesLigne ouverte du lundi au samedi de 9h \u00e0 19h 0800 08 11 11 &#8211; IVG et contraception &#8211; Num\u00e9ro d\u2019appel anonyme et gratuit Ligne ouverte du lundi au samedi, de 9h \u00e0 20h Pour tout cas de danger grave et imm\u00e9diat, avec n\u00e9cessit\u00e9 d\u2019une&hellip;&nbsp;<a href=\"https:\/\/unes-chamonix.com\/index.php\/liens-utiles\/\" class=\"\" rel=\"bookmark\">Read More &raquo;<span class=\"screen-reader-text\">numeros utiles<\/span><\/a><\/p>\n","protected":false},"author":1,"featured_media":0,"parent":0,"menu_order":0,"comment_status":"closed","ping_status":"closed","template":"","meta":{"_acf_changed":false,"neve_meta_sidebar":"","neve_meta_container":"","neve_meta_enable_content_width":"","neve_meta_content_width":0,"neve_meta_title_alignment":"","neve_meta_author_avatar":"","neve_post_elements_order":"","neve_meta_disable_header":"","neve_meta_disable_footer":"","neve_meta_disable_title":"","footnotes":""},"class_list":["post-772","page","type-page","status-publish","hentry"],"acf":[],"yoast_head":"<!-- This site is optimized with the Yoast SEO plugin v22.0 - https:\/\/yoast.com\/wordpress\/plugins\/seo\/ -->\n<title>numeros utiles - Unes Festival<\/title>\n<meta name=\"robots\" content=\"index, follow, max-snippet:-1, max-image-preview:large, max-video-preview:-1\" \/>\n<link rel=\"canonical\" href=\"http:\/\/unes-chamonix.com\/index.php\/liens-utiles\/\" \/>\n<meta property=\"og:locale\" content=\"en_US\" \/>\n<meta property=\"og:type\" content=\"article\" \/>\n<meta property=\"og:title\" content=\"numeros utiles - Unes Festival\" \/>\n<meta property=\"og:description\" content=\"3919 &#8211; Num\u00e9ro d\u2019\u00e9coute national pour les femmes victimes de violencesLigne ouverte du lundi au samedi de 9h \u00e0 19h 0800 08 11 11 &#8211; IVG et contraception &#8211; Num\u00e9ro d\u2019appel anonyme et gratuit Ligne ouverte du lundi au samedi, de 9h \u00e0 20h Pour tout cas de danger grave et imm\u00e9diat, avec n\u00e9cessit\u00e9 d\u2019une&hellip;&nbsp;Read More &raquo;numeros utiles\" \/>\n<meta property=\"og:url\" content=\"http:\/\/unes-chamonix.com\/index.php\/liens-utiles\/\" \/>\n<meta property=\"og:site_name\" content=\"Unes Festival\" \/>\n<meta property=\"article:publisher\" content=\"https:\/\/www.facebook.com\/Unesfestival\" \/>\n<meta property=\"article:modified_time\" content=\"2024-03-12T20:00:36+00:00\" \/>\n<meta name=\"twitter:card\" content=\"summary_large_image\" \/>\n<meta name=\"twitter:label1\" content=\"Est. reading time\" \/>\n\t<meta name=\"twitter:data1\" content=\"1 minute\" \/>\n<script type=\"application\/ld+json\" class=\"yoast-schema-graph\">{\"@context\":\"https:\/\/schema.org\",\"@graph\":[{\"@type\":\"WebPage\",\"@id\":\"http:\/\/unes-chamonix.com\/index.php\/liens-utiles\/\",\"url\":\"http:\/\/unes-chamonix.com\/index.php\/liens-utiles\/\",\"name\":\"numeros utiles - Unes Festival\",\"isPartOf\":{\"@id\":\"https:\/\/unes-chamonix.com\/#website\"},\"datePublished\":\"2024-01-10T15:16:14+00:00\",\"dateModified\":\"2024-03-12T20:00:36+00:00\",\"breadcrumb\":{\"@id\":\"http:\/\/unes-chamonix.com\/index.php\/liens-utiles\/#breadcrumb\"},\"inLanguage\":\"en-US\",\"potentialAction\":[{\"@type\":\"ReadAction\",\"target\":[\"http:\/\/unes-chamonix.com\/index.php\/liens-utiles\/\"]}]},{\"@type\":\"BreadcrumbList\",\"@id\":\"http:\/\/unes-chamonix.com\/index.php\/liens-utiles\/#breadcrumb\",\"itemListElement\":[{\"@type\":\"ListItem\",\"position\":1,\"name\":\"Home\",\"item\":\"https:\/\/unes-chamonix.com\/\"},{\"@type\":\"ListItem\",\"position\":2,\"name\":\"numeros utiles\"}]},{\"@type\":\"WebSite\",\"@id\":\"https:\/\/unes-chamonix.com\/#website\",\"url\":\"https:\/\/unes-chamonix.com\/\",\"name\":\"unes-chamonix.com\",\"description\":\"Iniatives feministes du zouz collective\",\"publisher\":{\"@id\":\"https:\/\/unes-chamonix.com\/#organization\"},\"potentialAction\":[{\"@type\":\"SearchAction\",\"target\":{\"@type\":\"EntryPoint\",\"urlTemplate\":\"https:\/\/unes-chamonix.com\/?s={search_term_string}\"},\"query-input\":\"required name=search_term_string\"}],\"inLanguage\":\"en-US\"},{\"@type\":\"Organization\",\"@id\":\"https:\/\/unes-chamonix.com\/#organization\",\"name\":\"zouz-collective\",\"url\":\"https:\/\/unes-chamonix.com\/\",\"logo\":{\"@type\":\"ImageObject\",\"inLanguage\":\"en-US\",\"@id\":\"https:\/\/unes-chamonix.com\/#\/schema\/logo\/image\/\",\"url\":\"https:\/\/unes-chamonix.com\/wp-content\/uploads\/2023\/08\/UNES_LOGO1-pdf.jpg\",\"contentUrl\":\"https:\/\/unes-chamonix.com\/wp-content\/uploads\/2023\/08\/UNES_LOGO1-pdf.jpg\",\"width\":889,\"height\":889,\"caption\":\"zouz-collective\"},\"image\":{\"@id\":\"https:\/\/unes-chamonix.com\/#\/schema\/logo\/image\/\"},\"sameAs\":[\"https:\/\/www.facebook.com\/Unesfestival\",\"https:\/\/www.instagram.com\/unes_zouzcollective\/\"]}]}<\/script>\n<!-- \/ Yoast SEO plugin. -->","yoast_head_json":{"title":"numeros utiles - Unes Festival","robots":{"index":"index","follow":"follow","max-snippet":"max-snippet:-1","max-image-preview":"max-image-preview:large","max-video-preview":"max-video-preview:-1"},"canonical":"http:\/\/unes-chamonix.com\/index.php\/liens-utiles\/","og_locale":"en_US","og_type":"article","og_title":"numeros utiles - Unes Festival","og_description":"3919 &#8211; Num\u00e9ro d\u2019\u00e9coute national pour les femmes victimes de violencesLigne ouverte du lundi au samedi de 9h \u00e0 19h 0800 08 11 11 &#8211; IVG et contraception &#8211; Num\u00e9ro d\u2019appel anonyme et gratuit Ligne ouverte du lundi au samedi, de 9h \u00e0 20h Pour tout cas de danger grave et imm\u00e9diat, avec n\u00e9cessit\u00e9 d\u2019une&hellip;&nbsp;Read More &raquo;numeros utiles","og_url":"http:\/\/unes-chamonix.com\/index.php\/liens-utiles\/","og_site_name":"Unes Festival","article_publisher":"https:\/\/www.facebook.com\/Unesfestival","article_modified_time":"2024-03-12T20:00:36+00:00","twitter_card":"summary_large_image","twitter_misc":{"Est. reading time":"1 minute"},"schema":{"@context":"https:\/\/schema.org","@graph":[{"@type":"WebPage","@id":"http:\/\/unes-chamonix.com\/index.php\/liens-utiles\/","url":"http:\/\/unes-chamonix.com\/index.php\/liens-utiles\/","name":"numeros utiles - Unes Festival","isPartOf":{"@id":"https:\/\/unes-chamonix.com\/#website"},"datePublished":"2024-01-10T15:16:14+00:00","dateModified":"2024-03-12T20:00:36+00:00","breadcrumb":{"@id":"http:\/\/unes-chamonix.com\/index.php\/liens-utiles\/#breadcrumb"},"inLanguage":"en-US","potentialAction":[{"@type":"ReadAction","target":["http:\/\/unes-chamonix.com\/index.php\/liens-utiles\/"]}]},{"@type":"BreadcrumbList","@id":"http:\/\/unes-chamonix.com\/index.php\/liens-utiles\/#breadcrumb","itemListElement":[{"@type":"ListItem","position":1,"name":"Home","item":"https:\/\/unes-chamonix.com\/"},{"@type":"ListItem","position":2,"name":"numeros utiles"}]},{"@type":"WebSite","@id":"https:\/\/unes-chamonix.com\/#website","url":"https:\/\/unes-chamonix.com\/","name":"unes-chamonix.com","description":"Iniatives feministes du zouz collective","publisher":{"@id":"https:\/\/unes-chamonix.com\/#organization"},"potentialAction":[{"@type":"SearchAction","target":{"@type":"EntryPoint","urlTemplate":"https:\/\/unes-chamonix.com\/?s={search_term_string}"},"query-input":"required name=search_term_string"}],"inLanguage":"en-US"},{"@type":"Organization","@id":"https:\/\/unes-chamonix.com\/#organization","name":"zouz-collective","url":"https:\/\/unes-chamonix.com\/","logo":{"@type":"ImageObject","inLanguage":"en-US","@id":"https:\/\/unes-chamonix.com\/#\/schema\/logo\/image\/","url":"https:\/\/unes-chamonix.com\/wp-content\/uploads\/2023\/08\/UNES_LOGO1-pdf.jpg","contentUrl":"https:\/\/unes-chamonix.com\/wp-content\/uploads\/2023\/08\/UNES_LOGO1-pdf.jpg","width":889,"height":889,"caption":"zouz-collective"},"image":{"@id":"https:\/\/unes-chamonix.com\/#\/schema\/logo\/image\/"},"sameAs":["https:\/\/www.facebook.com\/Unesfestival","https:\/\/www.instagram.com\/unes_zouzcollective\/"]}]}},"_links":{"self":[{"href":"https:\/\/unes-chamonix.com\/index.php\/wp-json\/wp\/v2\/pages\/772","targetHints":{"allow":["GET"]}}],"collection":[{"href":"https:\/\/unes-chamonix.com\/index.php\/wp-json\/wp\/v2\/pages"}],"about":[{"href":"https:\/\/unes-chamonix.com\/index.php\/wp-json\/wp\/v2\/types\/page"}],"author":[{"embeddable":true,"href":"https:\/\/unes-chamonix.com\/index.php\/wp-json\/wp\/v2\/users\/1"}],"replies":[{"embeddable":true,"href":"https:\/\/unes-chamonix.com\/index.php\/wp-json\/wp\/v2\/comments?post=772"}],"version-history":[{"count":3,"href":"https:\/\/unes-chamonix.com\/index.php\/wp-json\/wp\/v2\/pages\/772\/revisions"}],"predecessor-version":[{"id":1302,"href":"https:\/\/unes-chamonix.com\/index.php\/wp-json\/wp\/v2\/pages\/772\/revisions\/1302"}],"wp:attachment":[{"href":"https:\/\/unes-chamonix.com\/index.php\/wp-json\/wp\/v2\/media?parent=772"}],"curies":[{"name":"wp","href":"https:\/\/api.w.org\/{rel}","templated":true}]}}